{"id":146844,"date":"2024-12-09T13:38:24","date_gmt":"2024-12-09T12:38:24","guid":{"rendered":"https:\/\/gamestrategies.io\/recursos\/"},"modified":"2024-12-09T14:06:37","modified_gmt":"2024-12-09T13:06:37","slug":"ressources","status":"publish","type":"page","link":"https:\/\/gamestrategies.io\/fr\/ressources\/","title":{"rendered":"Ressources"},"content":{"rendered":"\t\t<div data-elementor-type=\"wp-page\" data-elementor-id=\"146844\" class=\"elementor elementor-146844 elementor-146834\" data-elementor-post-type=\"page\">\n\t\t\t\t<div class=\"elementor-element elementor-element-82b17bb e-flex e-con-boxed e-con e-parent\" data-id=\"82b17bb\" data-element_type=\"container\" data-settings=\"{&quot;background_background&quot;:&quot;gradient&quot;}\">\n\t\t\t\t\t<div class=\"e-con-inner\">\n\t\t<div class=\"elementor-element elementor-element-4794742 e-con-full e-flex e-con e-child\" data-id=\"4794742\" data-element_type=\"container\">\n\t\t<div class=\"elementor-element elementor-element-b5db86e e-con-full e-flex e-con e-child\" data-id=\"b5db86e\" data-element_type=\"container\">\n\t\t\t\t<div class=\"elementor-element elementor-element-aa7834b elementor-widget elementor-widget-heading\" data-id=\"aa7834b\" data-element_type=\"widget\" data-widget_type=\"heading.default\">\n\t\t\t\t<div class=\"elementor-widget-container\">\n\t\t\t\t\t<h1 class=\"elementor-heading-title elementor-size-default\">Ressources<\/h1>\t\t\t\t<\/div>\n\t\t\t\t<\/div>\n\t\t\t\t<div class=\"elementor-element elementor-element-9e29850 elementor-widget elementor-widget-text-editor\" data-id=\"9e29850\" data-element_type=\"widget\" data-widget_type=\"text-editor.default\">\n\t\t\t\t<div class=\"elementor-widget-container\">\n\t\t\t\t\t\t\t\t\t<p>Acc\u00e9dez \u00e0 des rapports, des \u00e9tudes de cas, des livres blancs et plus encore pour continuer \u00e0 d\u00e9velopper votre apprentissage du game-based learning.<\/p>\t\t\t\t\t\t\t\t<\/div>\n\t\t\t\t<\/div>\n\t\t\t\t<\/div>\n\t\t<div class=\"elementor-element elementor-element-d3b9f3c e-con-full e-flex e-con e-child\" data-id=\"d3b9f3c\" data-element_type=\"container\" data-settings=\"{&quot;background_background&quot;:&quot;classic&quot;}\">\n\t\t\t\t<div class=\"elementor-element elementor-element-0421829 elementor-widget elementor-widget-image\" data-id=\"0421829\" data-element_type=\"widget\" data-widget_type=\"image.default\">\n\t\t\t\t<div class=\"elementor-widget-container\">\n\t\t\t\t\t\t\t\t\t\t\t\t\t\t\t<img fetchpriority=\"high\" decoding=\"async\" width=\"652\" height=\"412\" src=\"https:\/\/gamestrategies.io\/wp-content\/uploads\/2024\/09\/recursos-videojuegos.png\" class=\"attachment-large size-large wp-image-124783\" alt=\"\" srcset=\"https:\/\/gamestrategies.io\/wp-content\/uploads\/2024\/09\/recursos-videojuegos.png 652w, https:\/\/gamestrategies.io\/wp-content\/uploads\/2024\/09\/recursos-videojuegos-300x190.png 300w\" sizes=\"(max-width: 652px) 100vw, 652px\" \/>\t\t\t\t\t\t\t\t\t\t\t\t\t\t\t<\/div>\n\t\t\t\t<\/div>\n\t\t\t\t<\/div>\n\t\t\t\t<\/div>\n\t\t\t\t\t<\/div>\n\t\t\t\t<\/div>\n\t\t<div class=\"elementor-element elementor-element-5297f0b e-flex e-con-boxed e-con e-parent\" data-id=\"5297f0b\" data-element_type=\"container\">\n\t\t\t\t\t<div class=\"e-con-inner\">\n\t\t\t\t<div class=\"elementor-element elementor-element-5a0bd93 elementor-widget elementor-widget-elementskit-page-list\" data-id=\"5a0bd93\" data-element_type=\"widget\" data-widget_type=\"elementskit-page-list.default\">\n\t\t\t\t<div class=\"elementor-widget-container\">\n\t\t\t\t\t<div class=\"ekit-wid-con\" >\t\t<div class=\"elementor-icon-list-items \">\n\t\t\t\t\t\t\t<div class=\"elementor-icon-list-item   \">\n\t\t\t\t\t\t<a class=\"elementor-repeater-item-98ff033 ekit_badge_left\" >\n\t\t\t\t\t\t\t<div class=\"ekit_page_list_content\">\n\t\t\t\t\t\t\t\t\t\t\t\t\t\t\t\t<span class=\"elementor-icon-list-text\">\n\t\t\t\t\t\t\t\t\t<span class=\"ekit_page_list_title_title\"><\/span>\n\t\t\t\t\t\t\t\t\t\t\t\t\t\t\t\t\t<\/span>\n\t\t\t\t\t\t\t<\/div>\n\t\t\t\t\t\t\t\t\t\t\t\t\t<\/a>\n\t\t\t\t\t<\/div>\n\t\t\t\t\t\t\t\t<div class=\"elementor-icon-list-item   \">\n\t\t\t\t\t\t<a class=\"elementor-repeater-item-00337f1 ekit_badge_left\" >\n\t\t\t\t\t\t\t<div class=\"ekit_page_list_content\">\n\t\t\t\t\t\t\t\t\t\t\t\t\t\t\t\t<span class=\"elementor-icon-list-text\">\n\t\t\t\t\t\t\t\t\t<span class=\"ekit_page_list_title_title\"><\/span>\n\t\t\t\t\t\t\t\t\t\t\t\t\t\t\t\t\t<\/span>\n\t\t\t\t\t\t\t<\/div>\n\t\t\t\t\t\t\t\t\t\t\t\t\t<\/a>\n\t\t\t\t\t<\/div>\n\t\t\t\t\t\t\t\t<div class=\"elementor-icon-list-item   \">\n\t\t\t\t\t\t<a class=\"elementor-repeater-item-0bd06d0 ekit_badge_left\" >\n\t\t\t\t\t\t\t<div class=\"ekit_page_list_content\">\n\t\t\t\t\t\t\t\t\t\t\t\t\t\t\t\t<span class=\"elementor-icon-list-text\">\n\t\t\t\t\t\t\t\t\t<span class=\"ekit_page_list_title_title\"><\/span>\n\t\t\t\t\t\t\t\t\t\t\t\t\t\t\t\t\t<\/span>\n\t\t\t\t\t\t\t<\/div>\n\t\t\t\t\t\t\t\t\t\t\t\t\t<\/a>\n\t\t\t\t\t<\/div>\n\t\t\t\t\t\t<\/div>\n\t\t<\/div>\t\t\t\t<\/div>\n\t\t\t\t<\/div>\n\t\t\t\t\t<\/div>\n\t\t\t\t<\/div>\n\t\t\t\t<\/div>\n\t\t","protected":false},"excerpt":{"rendered":"<p>Ressources Acc\u00e9dez \u00e0 des rapports, des \u00e9tudes de cas, des livres blancs et plus encore pour continuer \u00e0 d\u00e9velopper votre apprentissage du game-based learning. Berichte und Wei\u00dfb\u00fccher Erfolgsgeschichten Videospiele<\/p>\n","protected":false},"author":4,"featured_media":0,"parent":0,"menu_order":0,"comment_status":"closed","ping_status":"closed","template":"elementor_header_footer","meta":{"footnotes":""},"class_list":["post-146844","page","type-page","status-publish","hentry"],"yoast_head":"<!-- This site is optimized with the Yoast SEO plugin v26.2 - https:\/\/yoast.com\/wordpress\/plugins\/seo\/ -->\n<title>Ressources - Game Strategies<\/title>\n<meta name=\"description\" content=\"Acc\u00e9dez \u00e0 des rapports, des \u00e9tudes de cas, des livres blancs et plus encore pour continuer \u00e0 d\u00e9velopper votre apprentissage du game-based learning.\" \/>\n<meta name=\"robots\" content=\"index, follow, max-snippet:-1, max-image-preview:large, max-video-preview:-1\" \/>\n<link rel=\"canonical\" href=\"https:\/\/gamestrategies.io\/fr\/ressources\/\" \/>\n<meta property=\"og:locale\" content=\"fr_FR\" \/>\n<meta property=\"og:type\" content=\"article\" \/>\n<meta property=\"og:title\" content=\"Ressources - Game Strategies\" \/>\n<meta property=\"og:description\" content=\"Acc\u00e9dez \u00e0 des rapports, des \u00e9tudes de cas, des livres blancs et plus encore pour continuer \u00e0 d\u00e9velopper votre apprentissage du game-based learning.\" \/>\n<meta property=\"og:url\" content=\"https:\/\/gamestrategies.io\/fr\/ressources\/\" \/>\n<meta property=\"og:site_name\" content=\"Game Strategies\" \/>\n<meta property=\"article:modified_time\" content=\"2024-12-09T13:06:37+00:00\" \/>\n<meta property=\"og:image\" content=\"https:\/\/gamestrategies.io\/wp-content\/uploads\/2024\/09\/recursos-videojuegos.png\" \/>\n<meta name=\"twitter:card\" content=\"summary_large_image\" \/>\n<meta name=\"twitter:label1\" content=\"Dur\u00e9e de lecture estim\u00e9e\" \/>\n\t<meta name=\"twitter:data1\" content=\"1 minute\" \/>\n<!-- \/ Yoast SEO plugin. -->","yoast_head_json":{"title":"Ressources - Game Strategies","description":"Acc\u00e9dez \u00e0 des rapports, des \u00e9tudes de cas, des livres blancs et plus encore pour continuer \u00e0 d\u00e9velopper votre apprentissage du game-based learning.","robots":{"index":"index","follow":"follow","max-snippet":"max-snippet:-1","max-image-preview":"max-image-preview:large","max-video-preview":"max-video-preview:-1"},"canonical":"https:\/\/gamestrategies.io\/fr\/ressources\/","og_locale":"fr_FR","og_type":"article","og_title":"Ressources - Game Strategies","og_description":"Acc\u00e9dez \u00e0 des rapports, des \u00e9tudes de cas, des livres blancs et plus encore pour continuer \u00e0 d\u00e9velopper votre apprentissage du game-based learning.","og_url":"https:\/\/gamestrategies.io\/fr\/ressources\/","og_site_name":"Game Strategies","article_modified_time":"2024-12-09T13:06:37+00:00","og_image":[{"url":"https:\/\/gamestrategies.io\/wp-content\/uploads\/2024\/09\/recursos-videojuegos.png","type":"","width":"","height":""}],"twitter_card":"summary_large_image","twitter_misc":{"Dur\u00e9e de lecture estim\u00e9e":"1 minute"},"schema":{"@context":"https:\/\/schema.org","@graph":[{"@type":"WebPage","@id":"https:\/\/gamestrategies.io\/fr\/ressources\/","url":"https:\/\/gamestrategies.io\/fr\/ressources\/","name":"Ressources - Game Strategies","isPartOf":{"@id":"https:\/\/gamestrategies.io\/fr\/#website"},"primaryImageOfPage":{"@id":"https:\/\/gamestrategies.io\/fr\/ressources\/#primaryimage"},"image":{"@id":"https:\/\/gamestrategies.io\/fr\/ressources\/#primaryimage"},"thumbnailUrl":"https:\/\/gamestrategies.io\/wp-content\/uploads\/2024\/09\/recursos-videojuegos.png","datePublished":"2024-12-09T12:38:24+00:00","dateModified":"2024-12-09T13:06:37+00:00","description":"Acc\u00e9dez \u00e0 des rapports, des \u00e9tudes de cas, des livres blancs et plus encore pour continuer \u00e0 d\u00e9velopper votre apprentissage du game-based learning.","breadcrumb":{"@id":"https:\/\/gamestrategies.io\/fr\/ressources\/#breadcrumb"},"inLanguage":"fr-FR","potentialAction":[{"@type":"ReadAction","target":["https:\/\/gamestrategies.io\/fr\/ressources\/"]}]},{"@type":"ImageObject","inLanguage":"fr-FR","@id":"https:\/\/gamestrategies.io\/fr\/ressources\/#primaryimage","url":"https:\/\/gamestrategies.io\/wp-content\/uploads\/2024\/09\/recursos-videojuegos.png","contentUrl":"https:\/\/gamestrategies.io\/wp-content\/uploads\/2024\/09\/recursos-videojuegos.png"},{"@type":"BreadcrumbList","@id":"https:\/\/gamestrategies.io\/fr\/ressources\/#breadcrumb","itemListElement":[{"@type":"ListItem","position":1,"name":"Inicio","item":"https:\/\/gamestrategies.io\/fr\/inicio\/"},{"@type":"ListItem","position":2,"name":"Ressources"}]},{"@type":"WebSite","@id":"https:\/\/gamestrategies.io\/fr\/#website","url":"https:\/\/gamestrategies.io\/fr\/","name":"Game Strategies","description":"","potentialAction":[{"@type":"SearchAction","target":{"@type":"EntryPoint","urlTemplate":"https:\/\/gamestrategies.io\/fr\/?s={search_term_string}"},"query-input":{"@type":"PropertyValueSpecification","valueRequired":true,"valueName":"search_term_string"}}],"inLanguage":"fr-FR"}]}},"_links":{"self":[{"href":"https:\/\/gamestrategies.io\/fr\/wp-json\/wp\/v2\/pages\/146844","targetHints":{"allow":["GET"]}}],"collection":[{"href":"https:\/\/gamestrategies.io\/fr\/wp-json\/wp\/v2\/pages"}],"about":[{"href":"https:\/\/gamestrategies.io\/fr\/wp-json\/wp\/v2\/types\/page"}],"author":[{"embeddable":true,"href":"https:\/\/gamestrategies.io\/fr\/wp-json\/wp\/v2\/users\/4"}],"replies":[{"embeddable":true,"href":"https:\/\/gamestrategies.io\/fr\/wp-json\/wp\/v2\/comments?post=146844"}],"version-history":[{"count":0,"href":"https:\/\/gamestrategies.io\/fr\/wp-json\/wp\/v2\/pages\/146844\/revisions"}],"wp:attachment":[{"href":"https:\/\/gamestrategies.io\/fr\/wp-json\/wp\/v2\/media?parent=146844"}],"curies":[{"name":"wp","href":"https:\/\/api.w.org\/{rel}","templated":true}]}}