{"id":146459,"date":"2024-11-27T12:57:37","date_gmt":"2024-11-27T11:57:37","guid":{"rendered":"https:\/\/gamestrategies.io\/politica-de-privacidad\/"},"modified":"2025-11-25T16:48:00","modified_gmt":"2025-11-25T15:48:00","slug":"politique-de-confidentialite","status":"publish","type":"page","link":"https:\/\/gamestrategies.io\/fr\/politique-de-confidentialite\/","title":{"rendered":"Politique de confidentialit\u00e9"},"content":{"rendered":"<p>Conform\u00e9ment aux principes de l\u00e9galit\u00e9, de loyaut\u00e9 et de transparence, nous mettons \u00e0 votre disposition la pr\u00e9sente politique de confidentialit\u00e9.<\/p>\n<h2 class=\"wp-block-heading\">Qui est le responsable du traitement de vos donn\u00e9es ?<\/h2>\n<figure class=\"wp-block-table\">\n<table>\n<thead>\n<tr>\n<th><strong>RESPONSABLE<\/strong><\/th>\n<th colspan=\"2\"><strong>Gamelearn S.L.<\/strong><\/th>\n<\/tr>\n<tr>\n<th>NUM\u00c9RO D\u2019IDENTIFICATION FISCALE<\/th>\n<th colspan=\"2\"><strong>B85183135<\/strong><\/th>\n<\/tr>\n<tr>\n<th>SI\u00c8GE SOCIAL<\/th>\n<th colspan=\"2\"><strong>C\/ Segundo Mata 6, 28224 Pozuelo de Alarc\u00f3n, (Madrid)<\/strong><\/th>\n<\/tr>\n<tr>\n<th><strong>CONTACT<\/strong><\/th>\n<th>E-mail<\/th>\n<th>dpo@gamestrategies.io<\/th>\n<\/tr>\n<tr>\n<th><\/th>\n<th>T\u00e9l\u00e9phone<\/th>\n<th><strong>913519089<\/strong><\/th>\n<\/tr>\n<tr>\n<th><strong>DPO<\/strong><\/th>\n<th colspan=\"2\">dpo@gamestrategies.io<\/th>\n<\/tr>\n<\/thead>\n<\/table>\n<\/figure>\n<h2 class=\"wp-block-heading\">Quelles donn\u00e9es pouvons-nous collecter ?<\/h2>\n<p>Vous pouvez vous inscrire sur notre site web pour utiliser diff\u00e9rents services : demander une d\u00e9mo, nous contacter pour obtenir des informations suppl\u00e9mentaires, acc\u00e9der au campus virtuel, demander un acc\u00e8s technique et\/ou t\u00e9l\u00e9charger du contenu gratuit.<br \/>\nDans le cadre du processus d\u2019inscription et lors du remplissage des formulaires, nous pouvons collecter et traiter les donn\u00e9es \u00e0 caract\u00e8re personnel suivantes :<\/p>\n<figure class=\"wp-block-table\">\n<table>\n<thead>\n<tr>\n<th>DONN\u00c9ES OBLIGATOIRES<\/th>\n<th>Personnes int\u00e9ress\u00e9es<\/th>\n<th>Nom, pr\u00e9nom, adresse mail, num\u00e9ro de t\u00e9l\u00e9phone, donn\u00e9es professionnelles<\/th>\n<\/tr>\n<tr>\n<th><\/th>\n<th>Utilisateurs<\/th>\n<th>Nom, pr\u00e9nom, adresse mail, mot de passe, carte d\u2019identit\u00e9 (dans le cas de cours subventionn\u00e9s par Fundae)<\/th>\n<\/tr>\n<tr>\n<th>DONN\u00c9ES FACULTATIVES<\/th>\n<th><\/th>\n<th>Autorisation de recevoir de la publicit\u00e9 et possibilit\u00e9 de la retirer.<\/th>\n<\/tr>\n<\/thead>\n<\/table>\n<\/figure>\n<p>En outre, nous pouvons collecter des donn\u00e9es par le biais de cookies. Vous pouvez consulter des informations suppl\u00e9mentaires et d\u00e9taill\u00e9es sur le traitement que nous allons effectuer de celles-ci dans la\u00a0<a href=\"https:\/\/gamestrategies.io\/fr\/politique-de-cookies\/\" target=\"_blank\" rel=\"noreferrer noopener\"><em>Politique de cookies<\/em><\/a>, d\u00e9taill\u00e9e en pied de page.<\/p>\n<h2 class=\"wp-block-heading\">Dans quel but traitons-nous vos donn\u00e9es personnelles ?<\/h2>\n<p>Chez\u00a0<strong>Gamelearn S.L.<\/strong>, selon la cat\u00e9gorie de personne int\u00e9ress\u00e9e, nous traitons les informations que vous nous fournissez aux fins suivantes\u00a0:<\/p>\n<figure class=\"wp-block-table\">\n<table>\n<thead>\n<tr>\n<th>PARTIES PRENANTES<\/th>\n<th>FINALIT\u00c9S DU TRAITEMENT<\/th>\n<\/tr>\n<tr>\n<th>CLIENTS POTENTIELS<\/th>\n<th>G\u00e9rer la potentielle formation bas\u00e9e sur le game-based learning, envoyer les informations demand\u00e9es et\/ou r\u00e9soudre les questions soulev\u00e9es, proposer des offres de services et\/ou de produits qui peuvent vous int\u00e9resser.<\/th>\n<\/tr>\n<tr>\n<th>CLIENTS<\/th>\n<th>G\u00e9rez la formation bas\u00e9e sur le game-based learning des employ\u00e9s, cr\u00e9er des jeux vid\u00e9o de formation sur mesure, proposer des offres de produits susceptibles de vous int\u00e9resser.<\/th>\n<\/tr>\n<tr>\n<th><strong>APPRENANTS<\/strong><\/th>\n<th>G\u00e9rer l\u2019identification des apprenants et les donn\u00e9es \u00e0 caract\u00e8re professionnel n\u00e9cessaires \u00e0 l\u2019acc\u00e8s et \u00e0 la participation aux jeux vid\u00e9o de formation. Vous proposer des offres de nos produits susceptibles de vous int\u00e9resser.<\/th>\n<\/tr>\n<tr>\n<th><strong>FOURNISSEURS<\/strong><\/th>\n<th>G\u00e9rer de la relation commerciale et\/ou professionnelle.<\/th>\n<\/tr>\n<tr>\n<th><strong>CANDIDATS<\/strong><\/th>\n<th>G\u00e9rer le processus de recrutement.<\/th>\n<\/tr>\n<tr>\n<th><strong>EMPLOY\u00c9S\u00a0<\/strong><\/th>\n<th>G\u00e9rer les obligations d\u00e9coulant de la relation de travail (ressources humaines, contr\u00f4le des heures et des acc\u00e8s, arr\u00eats et autorisations de reprise de travail, cong\u00e9s, \u00e9tablissement des fiches de paie et des contrats, formation du personnel, cotisations syndicales, pr\u00e9vention des risques professionnels, respect des cotisations sociales).<\/th>\n<\/tr>\n<tr>\n<th><strong>INTERNAUTES<\/strong><\/th>\n<th>G\u00e9rer l\u2019analyse de vos donn\u00e9es de navigation. Vous proposer des offres de nos produits susceptibles de vous int\u00e9resser.<\/th>\n<\/tr>\n<\/thead>\n<\/table>\n<\/figure>\n<h2 class=\"wp-block-heading\">Quelle est la l\u00e9gitimation du traitement de vos donn\u00e9es ?<\/h2>\n<p>La base juridique du traitement de vos donn\u00e9es \u00e0 caract\u00e8re personnel, selon la cat\u00e9gorie de personne concern\u00e9e, peut \u00eatre :<\/p>\n<figure class=\"wp-block-table\">\n<table>\n<thead>\n<tr>\n<th>PARTIES PRENANTES<\/th>\n<th>BASE JURIDIQUE<\/th>\n<\/tr>\n<tr>\n<th>CLIENTS POTENTIELS<\/th>\n<th>Art. 6.1.b du RGPR : Application, \u00e0 la demande de la personne concern\u00e9e, de mesures pr\u00e9contractuelles (budgets, fiches de commande, offres de services\u2026).<br \/>\nArt. 6.1.f du RGPR : Int\u00e9r\u00eat l\u00e9gitime (envoi d\u2019informations demand\u00e9es, r\u00e9ponse aux questions soulev\u00e9es\u2026).<br \/>\nArt. 6.1.a du RGDP : Consentement de l\u2019int\u00e9ress\u00e9 (offre de nos services et\/ou produits).<\/th>\n<\/tr>\n<tr>\n<th><strong>CLIENTS<\/strong><\/th>\n<th>Art. 6.1.b du RGPR : Ex\u00e9cution d\u2019un contrat dans lequel la personne concern\u00e9e est partie prenante. (Gestion de la formation bas\u00e9e sur le\u00a0<em>game-based learning<\/em>\u00a0des employ\u00e9s, cr\u00e9ation de jeux vid\u00e9o de formation sur mesure.)<br \/>\nArt. 6.1.f du RGPD : int\u00e9r\u00eat l\u00e9gitime (pour fournir des offres de nos services et produits similaires \u00e0 ceux contract\u00e9s).<\/th>\n<\/tr>\n<tr>\n<th><strong>APPRENANTS<\/strong><\/th>\n<th>Art. 6.1.b du RGPR : Ex\u00e9cution d\u2019un contrat dans lequel la personne concern\u00e9e est partie prenante. (Gestion de l\u2019identification des apprenants et des donn\u00e9es \u00e0 caract\u00e8re professionnel n\u00e9cessaire \u00e0 l\u2019acc\u00e8s et \u00e0 la participation aux jeux vid\u00e9o de formation.)<br \/>\nArt. 6.1.a du RGPD : consentement de la personne concern\u00e9e (pour fournir des offres de nos services et\/ou de nos produits).<\/th>\n<\/tr>\n<tr>\n<th><strong>FOURNISSEURS<\/strong><\/th>\n<th>Art. 6.1.b du RGPR : Ex\u00e9cution d\u2019un contrat dans lequel la personne concern\u00e9e est partie prenante. (Gestion de la relation commerciale et\/ou professionnelle.).<\/th>\n<\/tr>\n<tr>\n<th><strong>CANDIDATS<\/strong><\/th>\n<th>Art. 6.1.a RGPR : Consentement de l\u2019int\u00e9ress\u00e9. (Processus de s\u00e9lection.).<\/th>\n<\/tr>\n<tr>\n<th><strong>EMPLOY\u00c9S<\/strong><\/th>\n<th>Art. 6.1.b du RGPR : Ex\u00e9cution d\u2019un contrat dans lequel la personne concern\u00e9e est partie prenante. (\u00c9tablissement des fiches de paie et des contrats, formation.)<br \/>\nArt. 6.1.c du RGPR : Existence d\u2019une obligation l\u00e9gale applicable au responsable du traitement (contr\u00f4le du temps, arr\u00eats et autorisations de reprise de travail, pr\u00e9vention des risques professionnels.).<\/th>\n<\/tr>\n<tr>\n<th><strong>INTERNAUTES<\/strong><\/th>\n<th>Art. 6.1.a RGPR : Consentement de l\u2019int\u00e9ress\u00e9.<\/th>\n<\/tr>\n<\/thead>\n<\/table>\n<\/figure>\n<p>Les donn\u00e9es que nous vous demandons sont ad\u00e9quates, pertinentes et strictement n\u00e9cessaires. Vous n\u2019\u00eates absolument pas oblig\u00e9 de nous les fournir, cependant, veuillez noter dans ce cas que la finalit\u00e9 du service risque d\u2019en \u00eatre affect\u00e9e ou m\u00eame de ne pas pouvoir \u00eatre ex\u00e9cut\u00e9e.<\/p>\n<p><strong>AGIR EN QUALIT\u00c9 DE SOUS-TRAITANT<br \/>\n<\/strong>Concernant l\u2019activit\u00e9 de traitement \u00ab <strong>\u00c9TUDIANTS \u2013 JEUX VID\u00c9O<\/strong> \u00bb, nous vous informons express\u00e9ment que Gamelearn, S.L. agira en tant que sous-traitant. Afin de respecter l\u2019article 28 du R\u00e8glement (UE) 2016\/679 du Parlement europ\u00e9en et du Conseil du 27 avril 2016 relatif \u00e0 la protection des personnes physiques \u00e0 l\u2019\u00e9gard du traitement des donn\u00e9es \u00e0 caract\u00e8re personnel et \u00e0 la libre circulation de ces donn\u00e9es, le contrat de sous-traitance correspondant sera conclu avec le responsable du traitement.<\/p>\n<p>Nous vous informons \u00e9galement que nous faisons appel \u00e0 certains prestataires de services technologiques qui nous apportent leur soutien. Vous trouverez ci-dessous la liste des sous-traitants secondaires impliqu\u00e9s dans l\u2019activit\u00e9 de traitement <strong>\u00c9TUDIANTS \u2013 JEUX VID\u00c9O<\/strong> :<\/p>\n<figure class=\"wp-block-table\">\n<table>\n<thead>\n<tr>\n<th>ENTIT\u00c9<\/th>\n<th>Google Cloud EMEA Limited (pour les clients de l\u2019UE), entit\u00e9 appartenant \u00e0 Google LLC<\/th>\n<\/tr>\n<tr>\n<th>SERVICE<\/th>\n<th>Services de cloud computing, incluant le stockage de donn\u00e9es, le traitement, les r\u00e9seaux et les outils de s\u00e9curit\u00e9, via la plateforme Google Cloud Platform (GCP).<\/th>\n<\/tr>\n<tr>\n<th>ADRESSE<\/th>\n<th>Gordon House, Barrow Street, Dublin 4, Irlande.<\/th>\n<\/tr>\n<tr>\n<th>LOCALISATION G\u00c9OGRAPHIQUE<\/th>\n<th>Le traitement des donn\u00e9es est effectu\u00e9 dans des centres de donn\u00e9es situ\u00e9s dans l\u2019Espace \u00e9conomique europ\u00e9en (EEE). Pour Gamelearn, ils sont g\u00e9ographiquement limit\u00e9s \u00e0 l\u2019Allemagne et \u00e0 l\u2019Irlande.<\/th>\n<\/tr>\n<tr>\n<th>GARANTIES<\/th>\n<th>Google Cloud EMEA Limited agit en tant que sous-traitant conform\u00e9ment \u00e0 l\u2019article 28 du RGPD. Google a sign\u00e9 les Clauses Contractuelles Types (CCT) approuv\u00e9es par la Commission europ\u00e9enne et offre des garanties contractuelles suppl\u00e9mentaires pour la protection des donn\u00e9es personnelles. Il respecte \u00e9galement des normes \u00e9lev\u00e9es de s\u00e9curit\u00e9 et de confidentialit\u00e9, telles que les certifications ISO\/IEC 27001, 27017 et 27018, et est audit\u00e9 r\u00e9guli\u00e8rement par des tiers ind\u00e9pendants.<\/th>\n<\/tr>\n<\/thead>\n<\/table>\n<\/figure>\n<h2 class=\"wp-block-heading\">Combien de temps conserverons-nous vos donn\u00e9es personnelles ?<\/h2>\n<p>Vos donn\u00e9es seront conserv\u00e9es pendant le temps minimum n\u00e9cessaire \u00e0 la prestation correcte du service offert. G\u00e9n\u00e9ralement, les donn\u00e9es des utilisateurs enregistr\u00e9s seront stock\u00e9es jusqu\u2019\u00e0 la fin du service avec le client\u00a0: GAMELEARN \u00e9tant en mesure d\u2019enregistrer une copie avec les donn\u00e9es d\u00fbment prot\u00e9g\u00e9es afin de s\u2019acquitter de ses responsabilit\u00e9s pouvant d\u00e9couler de ce m\u00eame service et de toute autre exigence l\u00e9gale.<\/p>\n<h2 class=\"wp-block-heading\">Quels sont les tiers \u00e0 qui vos donn\u00e9es seront communiqu\u00e9es ?<\/h2>\n<p>Vos donn\u00e9es pourront \u00eatre communiqu\u00e9es, le cas \u00e9ch\u00e9ant, aux banques et institutions financi\u00e8res pour le recouvrement des services contract\u00e9s et\/ou des produits achet\u00e9s, ainsi qu\u2019aux administrations publiques comp\u00e9tentes dans les secteurs d\u2019activit\u00e9 de Gamelearn S.L., lorsque la r\u00e9glementation en vigueur le pr\u00e9voit.<\/p>\n<p>Les donn\u00e9es personnelles ne seront pas transf\u00e9r\u00e9es ou communiqu\u00e9es \u00e0 des tiers, sauf : obligation l\u00e9gale, obtention de votre consentement formel ou compr\u00e9hension d\u2019un int\u00e9r\u00eat l\u00e9gitime de notre part, qui vous sera d\u00fbment communiqu\u00e9.<\/p>\n<p>Cependant, nous vous informons que nous sommes pr\u00e9sents sur les r\u00e9seaux sociaux suivants : Facebook, LinkedIn, Twitter et YouTube, afin de tenir nos followers inform\u00e9s de l\u2019actualit\u00e9 de l\u2019entreprise et de ses services. Vous pouvez acc\u00e9der \u00e0 ces r\u00e9seaux sociaux volontairement et par le biais des liens disponibles sur le site web lui-m\u00eame ou en y acc\u00e9dant directement et par vous-m\u00eame \u00e0 partir de votre navigateur ou de l\u2019application install\u00e9e.<\/p>\n<p>Vous devez savoir que ce site web n\u2019est pas responsable de l\u2019utilisation des donn\u00e9es que ces r\u00e9seaux sociaux peuvent faire. Toutefois, lorsque ces donn\u00e9es sont g\u00e9n\u00e9r\u00e9es dans le r\u00e9seau social et d\u00e9coulent d\u2019une interaction avec notre compte officiel, nous serons conjointement responsables du traitement avec le r\u00e9seau social.<\/p>\n<p>Afin de consentir \u00e0 notre cession \u00e0 partir de ce site web et au traitement de vos donn\u00e9es, vous devez lire attentivement la politique de confidentialit\u00e9 du r\u00e9seau social auquel vous souhaitez acc\u00e9der :<\/p>\n<ul class=\"wp-block-list\">\n<li>Facebook : <a href=\"https:\/\/fr-fr.facebook.com\/privacy\/explanation\">https:\/\/fr-fr.facebook.com\/privacy\/explanation<\/a><\/li>\n<li>LinkedIn : <a href=\"https:\/\/fr.linkedin.com\/legal\/privacy-policy\">https:\/\/fr.linkedin.com\/legal\/privacy-policy<\/a><\/li>\n<li>YouTube : https:\/\/www.youtube.com\/intl\/ALL_fr\/howyoutubeworks\/policies\/community-guidelines\/<\/li>\n<li>Twitter : <a href=\"https:\/\/twitter.com\/fr\/privacy\">https:\/\/twitter.com\/fr\/privacy<\/a><\/li>\n<\/ul>\n<h2 class=\"wp-block-heading\">Y a-t-il des transferts internationaux de donn\u00e9es ?<\/h2>\n<p>Gamelearn, S.L. effectuera des transferts internationaux de donn\u00e9es, par exemple vers des processeurs de donn\u00e9es situ\u00e9s hors de nos fronti\u00e8res, que s\u2019ils r\u00e9pondent \u00e0 l\u2019une des exigences suivantes :<\/p>\n<ul class=\"wp-block-list\">\n<li>Le pays b\u00e9n\u00e9ficiaire a \u00e9t\u00e9 d\u00e9clar\u00e9 de niveau ad\u00e9quat par la Commission europ\u00e9enne.<\/li>\n<li>Le transfert est r\u00e9gi par des r\u00e8gles d\u2019entreprise strictes.<\/li>\n<li>Le transfert est r\u00e9gi par les clauses types adopt\u00e9es par la Commission europ\u00e9enne le 4 juin 2021.<\/li>\n<li>Le transfert est r\u00e9gi par des clauses types adopt\u00e9es par une autorit\u00e9 de contr\u00f4le et approuv\u00e9es par la Commission europ\u00e9enne.<\/li>\n<li>Le consentement explicite de la personne concern\u00e9e a \u00e9t\u00e9 obtenu.<\/li>\n<li>Le transfert est n\u00e9cessaire \u00e0 l\u2019ex\u00e9cution d\u2019un contrat entre la personne concern\u00e9e et Gamelearn, S.L.<\/li>\n<\/ul>\n<h2 class=\"wp-block-heading\">Quels sont vos droits lorsque vous nous fournissez vos donn\u00e9es ?<\/h2>\n<p>Le cas \u00e9ch\u00e9ant, les droits \u00e0 la protection des donn\u00e9es pouvant \u00eatre exerc\u00e9s par la personne concern\u00e9e sont\u00a0:<\/p>\n<ul class=\"wp-block-list\">\n<li>Droit de demander l\u2019acc\u00e8s aux informations personnelles relatives \u00e0 cette derni\u00e8re.<\/li>\n<li>Droit de rectification ou de suppression.<\/li>\n<li>Droit d\u2019opposition.<\/li>\n<li>Droit de demander la limitation de leur traitement.<\/li>\n<li>Droit de portabilit\u00e9 des donn\u00e9es.<\/li>\n<li>Droit de ne pas faire l\u2019objet de d\u00e9cisions se basant uniquement sur le traitement automatis\u00e9 des donn\u00e9es.<\/li>\n<\/ul>\n<p>En cas de rectification ou de suppression des donn\u00e9es demand\u00e9es par le propri\u00e9taire, Gamelearn, S.L. proc\u00e9dera au blocage des donn\u00e9es, en adoptant les mesures techniques et organisationnelles \u00e9tablies dans la r\u00e9glementation pour emp\u00eacher leur traitement, sauf si les juges et les tribunaux l\u2019exigent.<\/p>\n<p>Dans tous les cas, les propri\u00e9taires des donn\u00e9es personnelles obtenues pourront exercer leurs droits de protection des donn\u00e9es personnelles en envoyant une communication \u00e9crite au si\u00e8ge social de Gamelearn S.L. ou \u00e0 l\u2019adresse \u00e9lectronique pr\u00e9vue \u00e0 cet effet, dataprotection@game-learn.com, en indiquant le droit qu\u2019ils souhaitent exercer et en fournissant une documentation d\u2019identification (carte d\u2019identit\u00e9, nom, pr\u00e9nom et adresse pour les notifications).<\/p>\n<p>Gamelearn, S.L. r\u00e9pondra \u00e0 la demande et informera l\u2019int\u00e9ress\u00e9 des mesures adopt\u00e9es dans un d\u00e9lai d\u2019un mois \u00e0 compter de sa r\u00e9ception. Ce d\u00e9lai peut \u00eatre prolong\u00e9 de deux mois suppl\u00e9mentaires au maximum si n\u00e9cessaire, en tenant compte de la complexit\u00e9 et du nombre de demandes.<\/p>\n<p>Ces prolongations sont signal\u00e9es dans un d\u00e9lai d\u2019un mois \u00e0 compter de la r\u00e9ception de la demande et il est r\u00e9pondu aux demandes par le m\u00eame canal que celui utilis\u00e9 par la personne concern\u00e9e, sauf demande contraire de cette derni\u00e8re.<\/p>\n<p>Les titulaires des donn\u00e9es \u00e0 caract\u00e8re personnel obtenues peuvent exercer leurs droits de protection des donn\u00e9es personnelles en adressant une requ\u00eate \u00e9crite au si\u00e8ge social de <strong>Gamelearn, S.L<\/strong>. ou \u00e0 l\u2019e-mail suivant, sp\u00e9cialement cr\u00e9\u00e9 \u00e0 cette fin\u00a0: comunicacion@gamestrategies.io. Des mod\u00e8les, formulaires et informations suppl\u00e9mentaires sur vos droits sont disponibles sur le site web de l\u2019autorit\u00e9 nationale de contr\u00f4le, l\u2019Agence espagnole de protection des donn\u00e9es, ci-apr\u00e8s, AEPD, <a href=\"http:\/\/www.aepd.es\">www.aepd.es <\/a><\/p>\n<h2 class=\"wp-block-heading\">Puis-je retirer mon consentement ?<\/h2>\n<p>Vous avez la possibilit\u00e9 et le droit de retirer votre consentement pour toute fin sp\u00e9cifique accord\u00e9e le moment venu, sans que cela affecte la lic\u00e9it\u00e9 du traitement des donn\u00e9es, bas\u00e9 sur le consentement pr\u00e9alable \u00e0 son retrait.<\/p>\n<h2 class=\"wp-block-heading\">O\u00f9 puis-je d\u00e9poser une r\u00e9clamation si j\u2019estime que mes donn\u00e9es ne sont pas trait\u00e9es correctement ?<\/h2>\n<p>Si l\u2019une des parties concern\u00e9es estime que ses donn\u00e9es ne sont pas trait\u00e9es correctement par Gamelearn, S.L. ou que toute demande visant \u00e0 l\u2019exercice de ses droits n\u2019a pas \u00e9t\u00e9 trait\u00e9e comme il se doit, elle pourra d\u00e9poser une r\u00e9clamation aupr\u00e8s de l\u2019autorit\u00e9 de contr\u00f4le correspondante, l\u2019Agence Espagnole de Protection des Donn\u00e9es (AEPD) \u00e9tant l\u2019autorit\u00e9 comp\u00e9tente sur le territoire espagnol: <a href=\"http:\/\/www.aepd.es\/\">www.aepd.es<\/a>.<\/p>\n<h2 class=\"wp-block-heading\">S\u00e9curit\u00e9 et mise \u00e0 jour de vos donn\u00e9es personnelles<\/h2>\n<p>Afin de pr\u00e9server la s\u00e9curit\u00e9 de vos donn\u00e9es personnelles, nous vous informons que Gamelearn, S.L. a adopt\u00e9 les mesures n\u00e9cessaires pour garantir la s\u00e9curit\u00e9 de vos donn\u00e9es personnelles et \u00e9viter leur alt\u00e9ration, perte et\/ou traitement ou acc\u00e8s non autoris\u00e9, comme l\u2019exige la loi.<\/p>\n<p>Afin de disposer de vos donn\u00e9es personnelles mises \u00e0 jour, veuillez nous informer d\u00e8s lors qu\u2019une modification se produit.<\/p>\n<h2 class=\"wp-block-heading\">Confidentialit\u00e9<\/h2>\n<p><strong>Gamelearn S.L. <\/strong>vous informe que toutes les donn\u00e9es personnelles collect\u00e9es seront trait\u00e9es avec le plus grand soin et la plus grande confidentialit\u00e9 par tout le personnel impliqu\u00e9 dans chacune des phases du traitement.<\/p>\n<p>Cela s\u2019appliquera \u00e9galement aux documents internes des clients tels que la D\u00e9claration de confidentialit\u00e9 de Microsoft<a title=\"\" href=\"https:\/\/privacy.microsoft.com\/en-us\/privacystatement\">\u00a0https:\/\/privacy.microsoft.com\/en-us\/privacystatement<\/a><\/p>\n","protected":false},"excerpt":{"rendered":"<p>Conform\u00e9ment aux principes de l\u00e9galit\u00e9, de loyaut\u00e9 et de transparence, nous mettons \u00e0 votre disposition la pr\u00e9sente politique de confidentialit\u00e9. Qui est le responsable du traitement de vos donn\u00e9es ? RESPONSABLE Gamelearn S.L. NUM\u00c9RO D\u2019IDENTIFICATION FISCALE B85183135 SI\u00c8GE SOCIAL C\/ Segundo Mata 6, 28224 Pozuelo de Alarc\u00f3n, (Madrid) CONTACT E-mail dpo@gamestrategies.io T\u00e9l\u00e9phone 913519089 DPO dpo@gamestrategies.io [&hellip;]<\/p>\n","protected":false},"author":4,"featured_media":0,"parent":0,"menu_order":0,"comment_status":"closed","ping_status":"closed","template":"elementor_theme","meta":{"footnotes":""},"class_list":["post-146459","page","type-page","status-publish","hentry"],"yoast_head":"<!-- This site is optimized with the Yoast SEO plugin v26.2 - https:\/\/yoast.com\/wordpress\/plugins\/seo\/ -->\n<title>Politique de confidentialit\u00e9 - Game Strategies<\/title>\n<meta name=\"robots\" content=\"index, follow, max-snippet:-1, max-image-preview:large, max-video-preview:-1\" \/>\n<link rel=\"canonical\" href=\"https:\/\/gamestrategies.io\/fr\/politique-de-confidentialite\/\" \/>\n<meta property=\"og:locale\" content=\"fr_FR\" \/>\n<meta property=\"og:type\" content=\"article\" \/>\n<meta property=\"og:title\" content=\"Politique de confidentialit\u00e9 - Game Strategies\" \/>\n<meta property=\"og:description\" content=\"Conform\u00e9ment aux principes de l\u00e9galit\u00e9, de loyaut\u00e9 et de transparence, nous mettons \u00e0 votre disposition la pr\u00e9sente politique de confidentialit\u00e9. Qui est le responsable du traitement de vos donn\u00e9es ? RESPONSABLE Gamelearn S.L. NUM\u00c9RO D\u2019IDENTIFICATION FISCALE B85183135 SI\u00c8GE SOCIAL C\/ Segundo Mata 6, 28224 Pozuelo de Alarc\u00f3n, (Madrid) CONTACT E-mail dpo@gamestrategies.io T\u00e9l\u00e9phone 913519089 DPO dpo@gamestrategies.io [&hellip;]\" \/>\n<meta property=\"og:url\" content=\"https:\/\/gamestrategies.io\/fr\/politique-de-confidentialite\/\" \/>\n<meta property=\"og:site_name\" content=\"Game Strategies\" \/>\n<meta property=\"article:modified_time\" content=\"2025-11-25T15:48:00+00:00\" \/>\n<meta name=\"twitter:card\" content=\"summary_large_image\" \/>\n<meta name=\"twitter:label1\" content=\"Dur\u00e9e de lecture estim\u00e9e\" \/>\n\t<meta name=\"twitter:data1\" content=\"10 minutes\" \/>\n<!-- \/ Yoast SEO plugin. -->","yoast_head_json":{"title":"Politique de confidentialit\u00e9 - Game Strategies","robots":{"index":"index","follow":"follow","max-snippet":"max-snippet:-1","max-image-preview":"max-image-preview:large","max-video-preview":"max-video-preview:-1"},"canonical":"https:\/\/gamestrategies.io\/fr\/politique-de-confidentialite\/","og_locale":"fr_FR","og_type":"article","og_title":"Politique de confidentialit\u00e9 - Game Strategies","og_description":"Conform\u00e9ment aux principes de l\u00e9galit\u00e9, de loyaut\u00e9 et de transparence, nous mettons \u00e0 votre disposition la pr\u00e9sente politique de confidentialit\u00e9. Qui est le responsable du traitement de vos donn\u00e9es ? RESPONSABLE Gamelearn S.L. NUM\u00c9RO D\u2019IDENTIFICATION FISCALE B85183135 SI\u00c8GE SOCIAL C\/ Segundo Mata 6, 28224 Pozuelo de Alarc\u00f3n, (Madrid) CONTACT E-mail dpo@gamestrategies.io T\u00e9l\u00e9phone 913519089 DPO dpo@gamestrategies.io [&hellip;]","og_url":"https:\/\/gamestrategies.io\/fr\/politique-de-confidentialite\/","og_site_name":"Game Strategies","article_modified_time":"2025-11-25T15:48:00+00:00","twitter_card":"summary_large_image","twitter_misc":{"Dur\u00e9e de lecture estim\u00e9e":"10 minutes"},"schema":{"@context":"https:\/\/schema.org","@graph":[{"@type":"WebPage","@id":"https:\/\/gamestrategies.io\/fr\/politique-de-confidentialite\/","url":"https:\/\/gamestrategies.io\/fr\/politique-de-confidentialite\/","name":"Politique de confidentialit\u00e9 - Game Strategies","isPartOf":{"@id":"https:\/\/gamestrategies.io\/fr\/#website"},"datePublished":"2024-11-27T11:57:37+00:00","dateModified":"2025-11-25T15:48:00+00:00","breadcrumb":{"@id":"https:\/\/gamestrategies.io\/fr\/politique-de-confidentialite\/#breadcrumb"},"inLanguage":"fr-FR","potentialAction":[{"@type":"ReadAction","target":["https:\/\/gamestrategies.io\/fr\/politique-de-confidentialite\/"]}]},{"@type":"BreadcrumbList","@id":"https:\/\/gamestrategies.io\/fr\/politique-de-confidentialite\/#breadcrumb","itemListElement":[{"@type":"ListItem","position":1,"name":"Inicio","item":"https:\/\/gamestrategies.io\/fr\/inicio\/"},{"@type":"ListItem","position":2,"name":"Politique de confidentialit\u00e9"}]},{"@type":"WebSite","@id":"https:\/\/gamestrategies.io\/fr\/#website","url":"https:\/\/gamestrategies.io\/fr\/","name":"Game Strategies","description":"","potentialAction":[{"@type":"SearchAction","target":{"@type":"EntryPoint","urlTemplate":"https:\/\/gamestrategies.io\/fr\/?s={search_term_string}"},"query-input":{"@type":"PropertyValueSpecification","valueRequired":true,"valueName":"search_term_string"}}],"inLanguage":"fr-FR"}]}},"_links":{"self":[{"href":"https:\/\/gamestrategies.io\/fr\/wp-json\/wp\/v2\/pages\/146459","targetHints":{"allow":["GET"]}}],"collection":[{"href":"https:\/\/gamestrategies.io\/fr\/wp-json\/wp\/v2\/pages"}],"about":[{"href":"https:\/\/gamestrategies.io\/fr\/wp-json\/wp\/v2\/types\/page"}],"author":[{"embeddable":true,"href":"https:\/\/gamestrategies.io\/fr\/wp-json\/wp\/v2\/users\/4"}],"replies":[{"embeddable":true,"href":"https:\/\/gamestrategies.io\/fr\/wp-json\/wp\/v2\/comments?post=146459"}],"version-history":[{"count":2,"href":"https:\/\/gamestrategies.io\/fr\/wp-json\/wp\/v2\/pages\/146459\/revisions"}],"predecessor-version":[{"id":155173,"href":"https:\/\/gamestrategies.io\/fr\/wp-json\/wp\/v2\/pages\/146459\/revisions\/155173"}],"wp:attachment":[{"href":"https:\/\/gamestrategies.io\/fr\/wp-json\/wp\/v2\/media?parent=146459"}],"curies":[{"name":"wp","href":"https:\/\/api.w.org\/{rel}","templated":true}]}}