{"id":146446,"date":"2024-11-27T12:44:10","date_gmt":"2024-11-27T11:44:10","guid":{"rendered":"https:\/\/gamestrategies.io\/terminos-y-condiciones\/"},"modified":"2024-11-27T13:41:01","modified_gmt":"2024-11-27T12:41:01","slug":"termes-et-conditions","status":"publish","type":"page","link":"https:\/\/gamestrategies.io\/fr\/termes-et-conditions\/","title":{"rendered":"Termes et Conditions"},"content":{"rendered":"<h3 class=\"wp-block-heading\">Introduction<\/h3>\n<p>Bienvenue \u00e0 https:\/\/gamestrategies.io. Cette page web est une propri\u00e9t\u00e9 cr\u00e9\u00e9 par Gamelearn S.L. En visitant notre page et en acc\u00e9dant aux informations, ressources, services, produits et outils que nous fournissons, vous comprenez, donc et acceptez de respecter les termes et conditions \u00e9tablis dans cette politique (dor\u00e9navant appel\u00e9 \u00ab Accord Utilisateur \u00bb ) ainsi que les termes et conditions indiqu\u00e9s dans notre politique de Protection de la Vie Priv\u00e9e (veuillez s\u2019il vous pla\u00eet consulter la section Politique de Protection de la Vie Priv\u00e9e).<\/p>\n<p>Cet accord est en vigueur \u00e0 partir du 13 d\u00e9cembre 2013.<\/p>\n<p>Nous nous r\u00e9servons le droit de changer cet accord utilisateur sans pr\u00e9avis. Vous reconnaissez et acceptez\u00a0que cela soit\u00a0de votre responsabilit\u00e9 de r\u00e9viser p\u00e9riodiquement cet accord utilisateur pour vous informer des modifications. L\u2019utilisation continue de ce site apr\u00e8s de telles modifications constituera une reconnaissance et acceptation de la modification des termes et conditions.<\/p>\n<h3 class=\"wp-block-heading\">Utilisation responsable et conduite<\/h3>\n<p>En visitant notre site web et acc\u00e9dant ainsi \u00e0 l\u2019information, ressources, services, produits, outils que nous vous offrons de mani\u00e8re directe ou indirecte (d\u00e9sormais, \u00ab Ressources \u00bb), vous vous engagez \u00e0 n\u2019utiliser ces ressources qu\u2019aux fins pr\u00e9vues, c\u2019est-\u00e0-dire \u00e0 celles permises par (a) les termes de cet Accord Utilisateur, et (b) les lois applicables, r\u00e8glements et pratiques en ligne ou les directives g\u00e9n\u00e9ralement accept\u00e9es.<\/p>\n<p>Par ces termes\u00a0vous comprenez que :<\/p>\n<p>a. Pour pouvoir acc\u00e9der \u00e0 nos ressources, il est possible de vous demander de fournir certaines informations vous concernant (vos noms, coordonn\u00e9es, etc.), dans le cadre du processus d\u2019enregistrement, ou dans le cadre d\u2019une v\u00e9rification de votre capacit\u00e9 \u00e0 utiliser les ressources. Vous acceptez que toute information vous concernant sera toujours pr\u00e9cise, correcte et actualis\u00e9e.<\/p>\n<p>b. vous \u00eates responsable de garder la confidentialit\u00e9 de toute information concernant l\u2019acc\u00e8s associ\u00e9 \u00e0 n\u2019importe quel compte que vous utilisez pour acc\u00e9der \u00e0 nos ressources. Vous \u00eates donc responsable de toutes les activit\u00e9s ayant lieu sur votre\/vos compte(s).<\/p>\n<p>c. L\u2019acc\u00e8s (ou tentative d\u2019acc\u00e8s) \u00e0 l\u2019une de nos ressources par tout moyen \u00e9tranger \u00e0 ceux que nous fournissons, est strictement interdit. Vous \u00eates sp\u00e9cifiquement d\u2019accord de ne pas acc\u00e9der (ou tenter d\u2019acc\u00e9der) \u00e0 une ou plusieurs de nos ressources \u00e0 travers tout type de moyen automatis\u00e9, non \u00e9tique ou non conventionnel.<\/p>\n<p>d. Participer \u00e0 toute activit\u00e9 qui interrompe ou interf\u00e8re nos ressources, y compris les serveurs et\/ou r\u00e9seaux o\u00f9 se trouvent nos ressources ou connect\u00e9s, est strictement interdit.<\/p>\n<p>e. La tentative de copier, dupliquer, reproduire, vendre, commercialiser ou revendre nos ressources est strictement interdit. La licence de n\u2019importe quel produit que vous ach\u00e8terez est d\u2019usage unique et ne constitue pas un achat du produit (jeu vid\u00e9o ou application).<\/p>\n<p>f. Vous \u00eates le seul responsable de toute cons\u00e9quence, pertes ou dommages que nous pourrions directement ou indirectement encourir ou souffrir du fait des activit\u00e9s non autoris\u00e9es que vous pourriez r\u00e9aliser comme expliqu\u00e9 ci-dessus, et vous pouvez vous exposer \u00e0 une responsabilit\u00e9 p\u00e9nale ou civile.<\/p>\n<p>g. Nous pouvons offrir divers outils de communication ouverte sur notre site web, comme des commentaires du blog, posts pour blogs, chat public, forums, tableaux publicitaires, groupes de nouvelles, \u00e9valuations de produit et commentaires, divers services de r\u00e9seaux sociaux, etc.<br \/>\nvous comprenez qu\u2019en g\u00e9n\u00e9ral nous ne r\u00e9visons ni supervisons \u00e0 l\u2019avance le contenu publi\u00e9 par les utilisateurs de ces diff\u00e9rents outils de communication, ce qui veut dire que si vous choisissez d\u2019utiliser ces outils pour pr\u00e9senter n\u2019importe quel contenu sur notre site web, il vous incombe personnellement alors d\u2019utiliser ces outils de mani\u00e8re responsable et \u00e9tique.<\/p>\n<p>Par la publication de l\u2019information ou en utilisant n\u2019importe quel outil de communication ouverte comme mentionn\u00e9 auparavant, vous acceptez de ne poster, publier ou distribuer aucun contenu qui :<\/p>\n<p>1. Soit ill\u00e9gal, mena\u00e7ant, diffamatoire, abusif, harcelant, d\u00e9gradant, intimidatoire, frauduleux, trompeur,\u00a0envahissant, raciste, ou qui contienne tout type de langage suggestif, inappropri\u00e9, ou explicite ;<br \/>\n2. enfreigne n\u2019importe quel marque, brevet, secret commercial, droit d\u2019auteur ou autre droit de propri\u00e9t\u00e9 d\u2019o\u00f9 que ce soit ;<br \/>\n3. Contienne n\u2019importe quelle publicit\u00e9 non autoris\u00e9e ou non sollicit\u00e9e ;<br \/>\n4. Se fasse passer pour toute personne ou entit\u00e9, y compris n\u2019importe quel employ\u00e9 ou repr\u00e9sentant de https:\/\/gamestrategies.io<\/p>\n<p>Nous avons le droit d\u2019\u00e9liminer,\u00a0et avec notre enti\u00e8re discr\u00e9tion, tout contenu que nous consid\u00e9rerions non conforme \u00e0 cet Accord Utilisateur, ainsi que tout contenu que nous consid\u00e9rerions comme offensif, nocif,\u00a0r\u00e9pr\u00e9hensible, inexact, ou qui violerait les droits ou marques d\u00e9pos\u00e9es de tout tiers. Nous n\u2019endossons pas la responsabilit\u00e9 de tout retard ou erreur dans l\u2019\u00e9limination de ce dit contenu. Si vous publiez un contenu que nous d\u00e9cidons d\u2019\u00e9liminer, vous donnez votre accord \u00e0 une telle \u00e9limination, et renoncez \u00e0 tout type de requ\u00eate ou r\u00e9clamation contre nous.<\/p>\n<p>h. Nous n\u2019assumons aucune responsabilit\u00e9 pour tout contenu que vous ou tout tiers des utilisateurs de notre site web. aurez envoy\u00e9.<br \/>\nCependant, tout contenu que vous aurez publi\u00e9 en utilisant les outils de communication ouverte de notre site web deviendra la propri\u00e9t\u00e9 de Gamelearn, sous r\u00e9serve qu\u2019il ne viole ni n\u2019enfreigne les droits d\u2019auteur ou de marques commerciales d\u2019un tiers quel qu\u2019il soit.<br \/>\nComme tel, cela nous donne un droit perp\u00e9tuel, irr\u00e9vocable, mondial, libre de droits\/canons, licence exclusive pour reproduire, modifier, adapter, traduire, publier, exposer publiquement et\/ou distribuer comme nous le souhaitons. Ceci se r\u00e9f\u00e8re seulement et s\u2019applique au contenu publi\u00e9 \u00e0 travers d\u2019outils de communication ouverte comme d\u00e9crit ci-dessus, et pas \u00e0 l\u2019information fournie lors du processus d\u2019enregistrement n\u00e9cessaire pour utiliser nos ressources. Toute l\u2019information fournie lors de notre processus d\u2019enregistrement est couverte par les termes de notre politique de protection de la vie priv\u00e9e.<\/p>\n<p>Vous vous engagez \u00e0 indemniser Gamelearn et la garder indemne ainsi que sa maison m\u00e8re et affili\u00e9s et ses directeurs, g\u00e9rants, employ\u00e9s, donateurs, agents et y preneurs de licences, de et contre toutes les pertes, frais, dommages et co\u00fbts, y compris d\u2019honoraires raisonnables d\u2019avocats, qui proviendraient d\u2019une violation de cet Accord Utilisateur ou du non-respect des obligations li\u00e9es \u00e0 votre compte, de votre fait ou de toute personne utilisant votre compte. Nous nous r\u00e9servons le droit d\u2019assumer la d\u00e9fense exclusive de toute r\u00e9clamation nous donnant droit \u00e0 une indemnisation en vertu de cet Accord Utilisateur. Dans ce cas, vous devrez nous fournir cette coop\u00e9ration raisonnablement sollicit\u00e9e par nos soins.<\/p>\n<h3 class=\"wp-block-heading\">Protection de la vie priv\u00e9e<\/h3>\n<p>Votre vie priv\u00e9e est tr\u00e8s importante pour nous, aussi avons-nous cr\u00e9\u00e9 une Politique de Protection de la Vie Priv\u00e9e s\u00e9par\u00e9e afin d\u2019expliquer en d\u00e9tail comment nous r\u00e9unissons, administrons, processons, prot\u00e9geons et stockons vos donn\u00e9es personnelles. Notre politique de protection de la vie priv\u00e9e fait partie de cet Accord Utilisateur. Pour lire les termes de notre politique de protection de la vie priv\u00e9e dans son ensemble,\u00a0cliquez ici.<\/p>\n<h3 class=\"wp-block-heading\">Limitations et garanties<\/h3>\n<p>En utilisant notre site web, vous comprenez et acceptez que toutes les ressources que nous proposons sont \u00ab telles quelles \u00bb et \u00ab selon disponibilit\u00e9 \u00bb. Autrement dit, nous ne vous garantissons pas que :<\/p>\n<p>I. l\u2019utilisation de nos ressources couvre vos besoins ou demandes,<br \/>\nII. l\u2019utilisation de nos ressources sera ininterrompue, ponctuelle, s\u00fbre ou sans erreurs,<br \/>\nIII. les informations obtenues lors de l\u2019utilisation de nos ressources soient exactes ou fiables,<br \/>\nIV. tout type de d\u00e9faut dans le fonctionnement ou la fonctionnalit\u00e9 de n\u2019importe laquelle des ressources que nous fournissons sera r\u00e9par\u00e9e ou corrig\u00e9e.<\/p>\n<p>De plus, vous comprenez et acceptez que :<\/p>\n<p>V. tout t\u00e9l\u00e9chargement d\u2019un contenu obtenu lors de l\u2019utilisation de nos ressources r\u00e9sulte de votre propre d\u00e9cision et est \u00e0 vos risques et que vous \u00eates le seul responsable de tout type de dommage sur votre ordinateur ou autres dispositifs, de toute perte de donn\u00e9es qui puisse r\u00e9sulter du t\u00e9l\u00e9chargement du contenu en question,<br \/>\nVI. aucune information ou conseil, qu\u2019il soit express, implicite, oral ou \u00e9crit, que vous aurez obtenu de Gamelearn ou via n\u2019importe quelle autre ressource que nous fournissons ne constituera aucune garantie, ou condition d\u2019aucun type, except\u00e9es celles d\u00e9crites express\u00e9ment dans cet Accord Utilisateur.<\/p>\n<h3 class=\"wp-block-heading\">Limitation de responsabilit\u00e9<\/h3>\n<p>En plus de la limitation de garantie expliqu\u00e9e ci-dessus, vous comprenez express\u00e9ment et acceptez que toute r\u00e9clamation contre nous sera limit\u00e9e au montant que vous avez pay\u00e9, dans votre cas, pour l\u2019utilisation des produits et\/ou services.<br \/>\nGamelearn ne sera responsable d\u2019aucun dommage direct, perte ou dommage indirect, incident, cons\u00e9cutif ou exemplaire dont vous pourrez souffrir suite \u00e0 l\u2019utilisation de nos ressources ou comme r\u00e9sultat de tout changement, perte de donn\u00e9es, ou de la corruption, l\u2019annulation, la perte d\u2019acc\u00e8s, ou le temps d\u2019inactivit\u00e9 dans la mesure o\u00f9 cela correspond \u00e0 l\u2019application des lois de limitation de responsabilit\u00e9.<\/p>\n<h3 class=\"wp-block-heading\">Droits d\u2019auteur\/marques d\u00e9pos\u00e9es<\/h3>\n<p>Tout le contenu et les mat\u00e9riels disponibles sur https:\/\/gamestrategies.io, incluant en autres texte, graphiques, nom du site web, code, images et logotypes sont une propri\u00e9t\u00e9 intellectuelle de Gamelearn, prot\u00e9g\u00e9s par les droits d\u2019auteur et la loi d\u2019auteur. Tout type d\u2019utilisation inappropri\u00e9e, incluant en autres la reproduction, distribution, exposition ou transmission de n\u2019importe quel contenu de ce site est strictement interdit, \u00e0 moins que cela soit sp\u00e9cifiquement autoris\u00e9 par Gamelearn.<\/p>\n<h3 class=\"wp-block-heading\">Termes d\u2019utilisation<\/h3>\n<p>Vous acceptez que nous pouvons, \u00e0 notre discr\u00e9tion, suspendre ou bloquer votre acc\u00e8s \u00e0 tout ou partie de notre page web et ressources avec ou sans pr\u00e9avis et pour toute raison, incluant entre autres, le non-respect de cet Accord Utilisateur.<br \/>\nToute suspicion de comportement ill\u00e9gal, frauduleux, d\u2019activit\u00e9 abusive peut \u00eatre motif d\u2019arr\u00eat de votre relation et peut \u00eatre port\u00e9 aux mains des autorit\u00e9s comp\u00e9tentes.<\/p>\n<p>Apr\u00e8s la suspension ou l\u2019arr\u00eat d\u00e9finitif, votre droit d\u2019utiliser les ressources que nous offrons cessera imm\u00e9diatement, et nous nous r\u00e9servons le droit d\u2019\u00e9liminer toute information que vous puissiez avoir dans nos archives, y compris tout compte ou information d\u2019acc\u00e8s.<\/p>\n<h3 class=\"wp-block-heading\">L\u00e9gislation en vigueur<\/h3>\n<p>Ce site web est contr\u00f4l\u00e9 par Gamelearn S.L. depuis nos bureaux situ\u00e9s \u00e0 Madrid, Espagne. Il peut \u00eatre visit\u00e9 par une majorit\u00e9 de pays du monde entier. Comme chaque pays a des lois qui peuvent diff\u00e9rer des lois espagnoles, par l\u2019acc\u00e8s \u00e0 notre site web, vous acceptez que les statuts et lois espagnols, sans tenir compte du conflit entre lois et la convention des Nations Unies concernant les Ventes Internationales de Biens, sera appliqu\u00e9e \u00e0 toutes les affaires en relation avec l\u2019utilisation de ce site web et l\u2019achat de tout produit ou service \u00e0 travers ce site.<\/p>\n<p>De plus, toute action pour faire respecter cet Accord Utilisateur sera port\u00e9e devant les tribunaux d\u2019\u00c9tat situ\u00e9s \u00e0 Madrid, Espagne. Vous acceptez la juridiction personnelle pour ces tribunaux, et renoncez \u00e0 toute autre juridiction, ou forums d\u2019objections concernant ces tribunaux. En cas de r\u00e9clamation ou d\u2019incident, vous pouvez envoyer un e-mail \u00e0 support@gamestrategies.io.<\/p>\n<h3 class=\"wp-block-heading\">Garantie<\/h3>\n<p>SAUF MENTION CONTRAIRE, GAMELEARN R\u00c9FUTE TOUTES LES GARANTIES ET CONDITIONS QUELLES QU\u2019ELLES SOIENT EXPR\u00c8S OU IMPLICITES, INCLUANT ENTRE AUTRES LES GARANTIES ET CONDITIONS IMPLICITES DE COMMERCIALISATION, AD\u00c9QUATION \u00c0 DES FINS PARTICULI\u00c8RES ET NON INFRACTION.<\/p>\n<h3 class=\"wp-block-heading\">Information suppl\u00e9mentaires<\/h3>\n<p>Pour toute question ou commentaire sur ces Termes et Conditions expliqu\u00e9s ci-dessus, vous pouvez nous contacter \u00e0:<\/p>\n<p>Gamelearn<br \/>\nCalle Segundo Mata, 6<br \/>\n28224 Pozuelo de Alarc\u00f3n<br \/>\nMadrid, Espagne<\/p>\n","protected":false},"excerpt":{"rendered":"<p>Introduction Bienvenue \u00e0 https:\/\/gamestrategies.io. Cette page web est une propri\u00e9t\u00e9 cr\u00e9\u00e9 par Gamelearn S.L. En visitant notre page et en acc\u00e9dant aux informations, ressources, services, produits et outils que nous fournissons, vous comprenez, donc et acceptez de respecter les termes et conditions \u00e9tablis dans cette politique (dor\u00e9navant appel\u00e9 \u00ab Accord Utilisateur \u00bb ) ainsi que [&hellip;]<\/p>\n","protected":false},"author":4,"featured_media":0,"parent":0,"menu_order":0,"comment_status":"closed","ping_status":"closed","template":"","meta":{"footnotes":""},"class_list":["post-146446","page","type-page","status-publish","hentry"],"yoast_head":"<!-- This site is optimized with the Yoast SEO plugin v26.2 - https:\/\/yoast.com\/wordpress\/plugins\/seo\/ -->\n<title>Termes et Conditions - Game Strategies<\/title>\n<meta name=\"robots\" content=\"index, follow, max-snippet:-1, max-image-preview:large, max-video-preview:-1\" \/>\n<link rel=\"canonical\" href=\"https:\/\/gamestrategies.io\/fr\/termes-et-conditions\/\" \/>\n<meta property=\"og:locale\" content=\"fr_FR\" \/>\n<meta property=\"og:type\" content=\"article\" \/>\n<meta property=\"og:title\" content=\"Termes et Conditions - Game Strategies\" \/>\n<meta property=\"og:description\" content=\"Introduction Bienvenue \u00e0 https:\/\/gamestrategies.io. Cette page web est une propri\u00e9t\u00e9 cr\u00e9\u00e9 par Gamelearn S.L. En visitant notre page et en acc\u00e9dant aux informations, ressources, services, produits et outils que nous fournissons, vous comprenez, donc et acceptez de respecter les termes et conditions \u00e9tablis dans cette politique (dor\u00e9navant appel\u00e9 \u00ab Accord Utilisateur \u00bb ) ainsi que [&hellip;]\" \/>\n<meta property=\"og:url\" content=\"https:\/\/gamestrategies.io\/fr\/termes-et-conditions\/\" \/>\n<meta property=\"og:site_name\" content=\"Game Strategies\" \/>\n<meta property=\"article:modified_time\" content=\"2024-11-27T12:41:01+00:00\" \/>\n<meta name=\"twitter:card\" content=\"summary_large_image\" \/>\n<meta name=\"twitter:label1\" content=\"Dur\u00e9e de lecture estim\u00e9e\" \/>\n\t<meta name=\"twitter:data1\" content=\"9 minutes\" \/>\n<!-- \/ Yoast SEO plugin. -->","yoast_head_json":{"title":"Termes et Conditions - Game Strategies","robots":{"index":"index","follow":"follow","max-snippet":"max-snippet:-1","max-image-preview":"max-image-preview:large","max-video-preview":"max-video-preview:-1"},"canonical":"https:\/\/gamestrategies.io\/fr\/termes-et-conditions\/","og_locale":"fr_FR","og_type":"article","og_title":"Termes et Conditions - Game Strategies","og_description":"Introduction Bienvenue \u00e0 https:\/\/gamestrategies.io. Cette page web est une propri\u00e9t\u00e9 cr\u00e9\u00e9 par Gamelearn S.L. En visitant notre page et en acc\u00e9dant aux informations, ressources, services, produits et outils que nous fournissons, vous comprenez, donc et acceptez de respecter les termes et conditions \u00e9tablis dans cette politique (dor\u00e9navant appel\u00e9 \u00ab Accord Utilisateur \u00bb ) ainsi que [&hellip;]","og_url":"https:\/\/gamestrategies.io\/fr\/termes-et-conditions\/","og_site_name":"Game Strategies","article_modified_time":"2024-11-27T12:41:01+00:00","twitter_card":"summary_large_image","twitter_misc":{"Dur\u00e9e de lecture estim\u00e9e":"9 minutes"},"schema":{"@context":"https:\/\/schema.org","@graph":[{"@type":"WebPage","@id":"https:\/\/gamestrategies.io\/fr\/termes-et-conditions\/","url":"https:\/\/gamestrategies.io\/fr\/termes-et-conditions\/","name":"Termes et Conditions - Game Strategies","isPartOf":{"@id":"https:\/\/gamestrategies.io\/fr\/#website"},"datePublished":"2024-11-27T11:44:10+00:00","dateModified":"2024-11-27T12:41:01+00:00","breadcrumb":{"@id":"https:\/\/gamestrategies.io\/fr\/termes-et-conditions\/#breadcrumb"},"inLanguage":"fr-FR","potentialAction":[{"@type":"ReadAction","target":["https:\/\/gamestrategies.io\/fr\/termes-et-conditions\/"]}]},{"@type":"BreadcrumbList","@id":"https:\/\/gamestrategies.io\/fr\/termes-et-conditions\/#breadcrumb","itemListElement":[{"@type":"ListItem","position":1,"name":"Inicio","item":"https:\/\/gamestrategies.io\/fr\/inicio\/"},{"@type":"ListItem","position":2,"name":"Termes et Conditions"}]},{"@type":"WebSite","@id":"https:\/\/gamestrategies.io\/fr\/#website","url":"https:\/\/gamestrategies.io\/fr\/","name":"Game Strategies","description":"","potentialAction":[{"@type":"SearchAction","target":{"@type":"EntryPoint","urlTemplate":"https:\/\/gamestrategies.io\/fr\/?s={search_term_string}"},"query-input":{"@type":"PropertyValueSpecification","valueRequired":true,"valueName":"search_term_string"}}],"inLanguage":"fr-FR"}]}},"_links":{"self":[{"href":"https:\/\/gamestrategies.io\/fr\/wp-json\/wp\/v2\/pages\/146446","targetHints":{"allow":["GET"]}}],"collection":[{"href":"https:\/\/gamestrategies.io\/fr\/wp-json\/wp\/v2\/pages"}],"about":[{"href":"https:\/\/gamestrategies.io\/fr\/wp-json\/wp\/v2\/types\/page"}],"author":[{"embeddable":true,"href":"https:\/\/gamestrategies.io\/fr\/wp-json\/wp\/v2\/users\/4"}],"replies":[{"embeddable":true,"href":"https:\/\/gamestrategies.io\/fr\/wp-json\/wp\/v2\/comments?post=146446"}],"version-history":[{"count":0,"href":"https:\/\/gamestrategies.io\/fr\/wp-json\/wp\/v2\/pages\/146446\/revisions"}],"wp:attachment":[{"href":"https:\/\/gamestrategies.io\/fr\/wp-json\/wp\/v2\/media?parent=146446"}],"curies":[{"name":"wp","href":"https:\/\/api.w.org\/{rel}","templated":true}]}}