{"id":146456,"date":"2024-11-27T12:57:37","date_gmt":"2024-11-27T11:57:37","guid":{"rendered":"https:\/\/gamestrategies.io\/?page_id=146456"},"modified":"2025-11-25T16:53:34","modified_gmt":"2025-11-25T15:53:34","slug":"politica-de-privacidad","status":"publish","type":"page","link":"https:\/\/gamestrategies.io\/es\/politica-de-privacidad\/","title":{"rendered":"Pol\u00edtica de Privacidad"},"content":{"rendered":"<p>Siguiendo los principios de licitud, lealtad y transparencia, ponemos a su disposici\u00f3n la presente Pol\u00edtica de Privacidad.<\/p>\n<h2>\u00bfQui\u00e9n es el Responsable del tratamiento de sus datos?<\/h2>\n<figure>\n<table>\n<thead>\n<tr>\n<th>RESPONSABLE<\/th>\n<th colspan=\"2\"><strong>Gamelearn S.L.<\/strong><\/th>\n<\/tr>\n<tr>\n<th>NIF<\/th>\n<th colspan=\"2\"><strong>B85183135<\/strong><\/th>\n<\/tr>\n<tr>\n<th><strong>DOMICILIO SOCIAL<\/strong><\/th>\n<th colspan=\"2\"><strong>C\/ Segundo Mata 6, 28224 Pozuelo de Alarc\u00f3n, (Madrid)<\/strong><\/th>\n<\/tr>\n<tr>\n<th><strong>CONTACTO<\/strong><\/th>\n<th>Email<\/th>\n<th>dpo@gamestrategies.io<\/th>\n<\/tr>\n<tr>\n<th><\/th>\n<th>Tel\u00e9fono<\/th>\n<th><strong>913519089<\/strong><\/th>\n<\/tr>\n<tr>\n<th><strong>DPO<\/strong><\/th>\n<th colspan=\"2\">dpo@gamestrategies.io<\/th>\n<\/tr>\n<\/thead>\n<\/table>\n<\/figure>\n<h2>\u00bfQu\u00e9 datos podremos recabar?<\/h2>\n<p>Puede registrarse en nuestra p\u00e1gina web para utilizar diferentes servicios: solicitar una demo, contactarnos para requerir informaci\u00f3n adicional, acceder al campus virtual, solicitar acceso t\u00e9cnico y\/o descargar contenidos gratuitos.<\/p>\n<p>Como parte del proceso de registro y al completar formularios, podremos recoger y tratar los siguientes datos de car\u00e1cter personal:<\/p>\n<figure>\n<table>\n<thead>\n<tr>\n<th>DATOS OBLIGATORIOS<\/th>\n<th>Interesados<\/th>\n<th>Nombres y apellidos, direcci\u00f3n de correo electr\u00f3nico, n\u00famero de tel\u00e9fono, datos profesionales<\/th>\n<\/tr>\n<tr>\n<th><\/th>\n<th>Usuarios<\/th>\n<th>Nombres y apellidos, direcci\u00f3n de correo electr\u00f3nico, contrase\u00f1a, Documento Nacional de Identidad (cuando se trate de cursos bonificados por Fundae)<\/th>\n<\/tr>\n<tr>\n<th>DATOS OPCIONALES<\/th>\n<th><\/th>\n<th>Consentimiento para recibir publicidad y posibilidad de revocarlo<\/th>\n<\/tr>\n<\/thead>\n<\/table>\n<\/figure>\n<p>Adicionalmente, podremos captar datos a trav\u00e9s de cookies. Puede consultar informaci\u00f3n adicional y detallada del tratamiento que realizaremos de las mismas en la <a href=\"\/politica-de-cookies\/\"><em>Pol\u00edtica de cookies<\/em><\/a>, detallada en nuestro \u201cfooter\u201d o pie de p\u00e1gina.<\/p>\n<h2>\u00bfCon qu\u00e9 finalidad tratamos sus datos personales?<\/h2>\n<p>En <strong>Gamelearn S.L.<\/strong>, dependiendo de la categor\u00eda de interesado de que se trate, tratamos la informaci\u00f3n que nos facilita con las siguientes finalidades:<\/p>\n<figure>\n<table>\n<thead>\n<tr>\n<th>INTERESADOS<\/th>\n<th>FINALIDADES DEL TRATAMIENTO<\/th>\n<\/tr>\n<tr>\n<th>POTENCIALES CLIENTES<\/th>\n<th>Gestionar la potencial formaci\u00f3n game-based, env\u00edo de informaci\u00f3n solicitada y\/o resolver las consultas planteadas, facilitar ofertas de nuestros servicios y\/o productos de su inter\u00e9s.<\/th>\n<\/tr>\n<tr>\n<th>CLIENTES<\/th>\n<th>Gestionar formaci\u00f3n a empleados game-based, creaci\u00f3n de videojuegos formativos a medida,facilitar ofertas de nuestros productos que puedan resultar de su inter\u00e9s.<\/th>\n<\/tr>\n<tr>\n<th>ALUMNOS VIDEOJUEGOS<\/th>\n<th>Gesti\u00f3n de los datos identificativos y profesionales de los alumnos para acceso y participaci\u00f3n en los videojuegos formativos. Facilitar ofertas de nuestros productos que puedan resultar de su inter\u00e9s.<\/th>\n<\/tr>\n<tr>\n<th>PROVEEDORES<\/th>\n<th>Gestionar la relaci\u00f3n comercial y\/o profesional.<\/th>\n<\/tr>\n<tr>\n<th>CANDIDATOS<\/th>\n<th>Gestionar el proceso de selecci\u00f3n de personal.<\/th>\n<\/tr>\n<tr>\n<th>EMPLEADOS<\/th>\n<th>Gestionar las obligaciones derivadas de la relaci\u00f3n laboral (recursos humanos, control de horario y accesos, altas y bajas, vacaciones, elaboraci\u00f3n de n\u00f3minas y contratos, formaci\u00f3n del personal, cuotas sindicales, prevenci\u00f3n de riesgos laborales, as\u00ed como satisfacer las cuotas de la seguridad social)<\/th>\n<\/tr>\n<tr>\n<th>USUARIOS WEB<\/th>\n<th>Gestionar el an\u00e1lisis de sus datos de navegaci\u00f3n. Facilitar ofertas de nuestros productos que puedan resultar de inter\u00e9s.<\/th>\n<\/tr>\n<\/thead>\n<\/table>\n<\/figure>\n<h2>\u00bfCu\u00e1l es la legitimaci\u00f3n para el tratamiento de sus datos?<\/h2>\n<p>La base legal para el tratamiento de sus datos personales, dependiendo de la categor\u00eda de interesado de que se trate, puede ser:<\/p>\n<figure>\n<table style=\"height: 604px;\" width=\"908\">\n<thead>\n<tr>\n<th>INTERESADOS<\/th>\n<th>BASE LEGAL<\/th>\n<\/tr>\n<tr>\n<th>POTENCIALES CLIENTES<\/th>\n<th>Art. 6.1.b RGPD: aplicaci\u00f3n, a petici\u00f3n del interesado, de medidas precontractuales (presupuestos, hojas de encargo, ofertas de servicios\u2026).<br \/>\nArt. 6.1.f RGPD: Inter\u00e9s leg\u00edtimo (enviar informaci\u00f3n solicitada, responder a las consultas planteadas\u2026).<br \/>\nArt. 6.1.a RGPD: consentimiento del propio interesado (facilitar ofertas de nuestros servicios y\/o productos).<\/th>\n<\/tr>\n<tr>\n<th>CLIENTES<\/th>\n<th>Art. 6.1.b RGPD: ejecuci\u00f3n de un contrato en el que el interesado es parte. (Gestionar formaci\u00f3n a empleados game-based, creaci\u00f3n de videojuegos formativos a medida). Art. 6.1.f RGPD: Inter\u00e9s leg\u00edtimo (para facilitar ofertas de nuestros servicios y productos similares a los contratados).<\/th>\n<\/tr>\n<tr>\n<th>ALUMNOS VIDEOJUEGOS<\/th>\n<th>Art. 6.1.b RGPD: ejecuci\u00f3n de un contrato en el que el interesado es parte. (Gesti\u00f3n de los datos identificativos y profesionales de los alumnos para acceso y participaci\u00f3n en los videojuegos formativos). Art. 6.1.a RGPD: consentimiento del propio interesado (facilitar ofertas de nuestros servicios y\/o productos).<\/th>\n<\/tr>\n<tr>\n<th>PROVEEDORES<\/th>\n<th>Art. 6.1.b RGPD: ejecuci\u00f3n de un contrato en el que el interesado es parte. (Gestionar la relaci\u00f3n comercial y\/o profesional)<\/th>\n<\/tr>\n<tr>\n<th>CANDIDATOS<\/th>\n<th>Art. 6.1.a RGPD: consentimiento del propio interesado. (procesos de selecci\u00f3n)<\/th>\n<\/tr>\n<tr>\n<th>EMPLEADOS<\/th>\n<th>Art. 6.1.b RGPD: ejecuci\u00f3n de un contrato en el que el interesado es parte. (elaboraci\u00f3n de n\u00f3minas y contratos, formaci\u00f3n) Art. 6.1. c RGPD: Existencia de obligaci\u00f3n legal aplicable al Responsable del tratamiento (control de horario, altas y bajas, prevenci\u00f3n de riesgos laborales)<\/th>\n<\/tr>\n<tr>\n<th>USUARIOS WEB<\/th>\n<th>Art. 6.1.a RGPD: consentimiento del propio interesado.<\/th>\n<\/tr>\n<\/thead>\n<\/table>\n<\/figure>\n<p>Los datos que le solicitamos son adecuados, pertinentes y estrictamente necesarios y en ning\u00fan caso est\u00e1 obligado a facilit\u00e1rnoslos, pero su no comunicaci\u00f3n podr\u00e1 afectar a la finalidad del servicio o la imposibilidad de prestarlo.<\/p>\n<p><strong>ACTUACI\u00d3N COMO ENCARGADO DEL TRATAMIENTO.<\/strong><br \/>\nEn relaci\u00f3n con la actividad de tratamiento de gesti\u00f3n de datos de <strong>ALUMNOS VIDEOJUEGOS<\/strong>, se informa expresamente de que Gamelearn, S.L., actuar\u00e1 como encargado del tratamiento. Al objeto de dar cumplimiento a lo dispuesto en el art. 28 del Reglamento (UE) 2016\/679 del Parlamento Europeo y del Consejo, de 27 de abril de 2016, relativo a la protecci\u00f3n de las personas f\u00edsicas en lo que respecta al tratamiento de datos personales y a la libre circulaci\u00f3n de estos datos, se suscribir\u00e1 con el responsable el correspondiente contrato de encargo de tratamiento de datos personales.<\/p>\n<p>Igualmente, le informamos de que contamos con el apoyo de determinados proveedores de servicios tecnol\u00f3gicos que nos dan soporte. A continuaci\u00f3n, se especifica el listado de subencargados implicados en el tratamiento <strong>ALUMNOS VIDEOJUEGOS<\/strong>:<\/p>\n<figure>\n<table style=\"height: 604px;\" width=\"908\">\n<thead>\n<tr>\n<th>ENTIDAD<\/th>\n<th>Google Cloud EMEA Limited (para clientes en la UE) Entidad perteneciente a Google LLC.<\/th>\n<\/tr>\n<tr>\n<th>SERVICIO<\/th>\n<th>Servicios de computaci\u00f3n en la nube, incluyendo almacenamiento de datos, procesamiento, redes y herramientas de seguridad, a trav\u00e9s de la plataforma Google Cloud Platform (GCP).<\/th>\n<\/tr>\n<tr>\n<th>DIRECCI\u00d3N<\/th>\n<th>Gordon House, Barrow Street, Dublin 4, Irlanda.<\/th>\n<\/tr>\n<tr>\n<th>LOCALIZACI\u00d3N GEOGR\u00c1FICA<\/th>\n<th>El tratamiento de datos se realiza en centros de datos ubicados dentro del Espacio Econ\u00f3mico Europeo (EEE). Para Gamelearn est\u00e1n limitados geogr\u00e1ficamente a Alemania e Irlanda.<\/th>\n<\/tr>\n<tr>\n<th>GARANT\u00cdAS<\/th>\n<th>Google Cloud EMEA Limited act\u00faa como encargado del tratamiento conforme al Art. 28 del RGPD. Google ha firmado Cl\u00e1usulas Contractuales Tipo (SCCs) aprobadas por la Comisi\u00f3n Europea, y ofrece garant\u00edas contractuales adicionales para la protecci\u00f3n de datos personales. Adem\u00e1s, cumple con altos est\u00e1ndares de seguridad y privacidad, incluyendo certificaciones ISO\/IEC 27001, 27017 y 27018, y es auditado regularmente por terceros independientes.<\/th>\n<\/tr>\n<\/thead>\n<\/table>\n<\/figure>\n<h2>\u00bfPor cu\u00e1nto tiempo conservaremos sus datos personales?<\/h2>\n<p>Sus datos, ser\u00e1n conservados el tiempo m\u00ednimo necesario para la correcta prestaci\u00f3n del servicio ofrecido. Con car\u00e1cter general, se almacenar\u00e1n los datos de los usuarios registrados hasta que finalice el servicio con el cliente, pudiendo guardar GAMELEARN una copia con los datos debidamente bloqueados para atender las responsabilidades que se pudieran derivar del mismo y de cualquier otra exigencia legal.<\/p>\n<h2>\u00bfA qu\u00e9 destinatarios se comunicar\u00e1n sus datos?<\/h2>\n<p>Sus datos podr\u00e1n ser comunicados a, en su caso, bancos y entidades financieras para el cobro de los servicios contratados y\/o productos comprados, as\u00ed como a administraciones p\u00fablicas con competencia en los sectores de actividad de Gamelearn S.L., cuando as\u00ed lo establezca la normativa vigente.<\/p>\n<p>Los datos personales no ser\u00e1n cedidos o comunicados a terceros, salvo: obligaci\u00f3n legal, obtengamos su consentimiento expreso o entendamos que existe un inter\u00e9s leg\u00edtimo por nuestra parte, que le ser\u00e1 debidamente comunicado.<\/p>\n<p>No obstante, le informamos que estamos presentes en las siguientes redes sociales: Facebook, LinkedIn, Twitter y YouTube, para mantener a nuestros seguidores informados respecto de las novedades y servicios de la empresa. Usted puede acceder a estas redes sociales de manera voluntaria y a trav\u00e9s de los enlaces disponibles en la propia p\u00e1gina web o accediendo directamente y por su cuenta desde el navegador o app instalada.<br \/>\nDebe saber, que este sitio web no se hace responsable del uso de los datos que estas redes sociales pueden realizar. Sin embargo, cuando estos datos se generen en la red social y deriven de una interacci\u00f3n con nuestra cuenta oficial, seremos corresponsables del tratamiento junto con la red social.<\/p>\n<p>Para poder consentir nuestra cesi\u00f3n desde este sitio web y el tratamiento que se realiza de sus datos, deber\u00e1 leer detenidamente la pol\u00edtica de privacidad de la red social a la que desee acceder:<\/p>\n<ul>\n<li>Facebook: <a href=\"https:\/\/es-es.facebook.com\/privacy\/explanation\" target=\"_blank\" rel=\"noreferrer noopener\">https:\/\/es-es.facebook.com\/privacy\/explanation<\/a>.<\/li>\n<li>LinkedIn: <a href=\"https:\/\/es.linkedin.com\/legal\/privacy-policy\" target=\"_blank\" rel=\"noreferrer noopener\">https:\/\/es.linkedin.com\/legal\/privacy-policy<\/a>.<\/li>\n<li>YouTube: <a href=\"https:\/\/www.youtube.com\/intl\/es\/about\/policies\/#community-guidelines\" target=\"_blank\" rel=\"noreferrer noopener\">https:\/\/www.youtube.com\/intl\/es\/about\/policies\/#community-guidelines<\/a>.<\/li>\n<li>Twitter: <a href=\"https:\/\/twitter.com\/es\/privacy\">https:\/\/twitter.com\/es\/privacy<\/a>.<\/li>\n<\/ul>\n<p>De esta manera, antes de pinchar en los logos de las RR. SS. presentes en nuestra p\u00e1gina web, puede informarse y realizar un redireccionamiento con previo conocimiento del tratamiento de sus datos y de manera voluntaria.<\/p>\n<h2>\u00bfSe producen transferencias internacionales de datos?<\/h2>\n<p>Gamelearn, S.L. solo proceder\u00e1 a realizar transferencias internacionales de datos, por ejemplo, a encargados de tratamiento que se encuentran fuera de nuestras fronteras, que cumplan con alguno de los siguientes requisitos:<\/p>\n<ul>\n<li>El pa\u00eds destinatario haya sido declarado de nivel adecuado por la Comisi\u00f3n Europea.<\/li>\n<li>La transferencia se regule por normas corporativas vinculantes.<\/li>\n<li>La transferencia se regule por las cl\u00e1usulas tipo adoptadas por la Comisi\u00f3n Europea con fecha 4 de junio de 2021.<\/li>\n<li>La transferencia se regule por cl\u00e1usulas tipo adoptadas por una autoridad de control y aprobadas por la Comisi\u00f3n Europea.<\/li>\n<li>Se haya obtenido el consentimiento expl\u00edcito del interesado.<\/li>\n<li>La transferencia sea necesaria para la ejecuci\u00f3n de un contrato entre la persona interesada y Gamelearn, S.L.<\/li>\n<\/ul>\n<h2>\u00bfCu\u00e1les son sus derechos cuando nos facilita sus datos?<\/h2>\n<p>Los derechos de protecci\u00f3n de datos que podr\u00e1n ejercer los interesados, cuando procedan, son:<\/p>\n<ul>\n<li>Derecho a solicitar el acceso a los datos personales relativos al interesado.<\/li>\n<li>Derecho de rectificaci\u00f3n o supresi\u00f3n.<\/li>\n<li>Derecho de oposici\u00f3n.<\/li>\n<li>Derecho a solicitar la limitaci\u00f3n de su tratamiento.<\/li>\n<li>Derecho a la portabilidad de los datos.<\/li>\n<li>Derecho a no ser objeto de decisiones basadas \u00fanicamente en el tratamiento automatizado de datos.<\/li>\n<\/ul>\n<p>En el caso de que se proceda a rectificar o suprimir los datos solicitados por su titular, Gamelearn, S.L., proceder\u00e1 al bloqueo de los mismos, adoptando las medidas t\u00e9cnicas y organizativas establecidas en la normativa, para impedir su tratamiento, salvo cuando sea requerido por jueces y tribunales.<\/p>\n<p>En todo caso, los titulares de los datos personales obtenidos, podr\u00e1n ejercer sus derechos de protecci\u00f3n de datos personales dirigiendo una comunicaci\u00f3n por escrito al domicilio social de Gamelearn S.L. o al correo electr\u00f3nico habilitado a tal efecto, dataprotection@gamestrategies.io, indicando el derecho que desea ejercer y aportando documentaci\u00f3n identificativa (DNI, nombre, apellidos y domicilio para notificaciones).<\/p>\n<p>Gamelearn, S.L. atender\u00e1 la solicitud e informar\u00e1 al interesado sobre las medidas adoptadas en el plazo de un mes desde su recepci\u00f3n. Dicho plazo podr\u00e1 prorrogarse un m\u00e1ximo de dos meses adicionales en caso necesario, teniendo en cuenta la complejidad y n\u00famero de solicitudes.<\/p>\n<p>Se informar\u00e1 de cualquiera de dichas pr\u00f3rrogas en el plazo de un mes desde la recepci\u00f3n de la solicitud y se responder\u00e1 a las solicitudes por el mismo canal utilizado por el interesado, salvo que \u00e9ste disponga otra cosa.<\/p>\n<p>Modelos, formularios y m\u00e1s informaci\u00f3n disponible sobre sus derechos en la p\u00e1gina web de la autoridad de control nacional, Agencia Espa\u00f1ola de Protecci\u00f3n de Datos, en adelante, AEPD, <a href=\"http:\/\/www.aepd.es\">www.aepd.es<\/a><\/p>\n<h2>\u00bfPuedo retirar el consentimiento?<\/h2>\n<p>Usted tiene la posibilidad y el derecho a retirar el consentimiento para cualquiera finalidad espec\u00edfica otorgada en su momento, sin que ello afecte a la licitud del tratamiento basado en el consentimiento previo a su retirada.<\/p>\n<h2>\u00bfD\u00f3nde puedo reclamar en caso de que considere que no se tratan mis datos correctamente?<\/h2>\n<p>Si alg\u00fan interesado considera que sus datos no son tratados correctamente por <strong>Gamelearn S.L.<\/strong> o que las solicitudes de ejercicio de derechos no han sido atendidas de forma satisfactoria, puede interponer una reclamaci\u00f3n ante a la autoridad de protecci\u00f3n de datos que corresponda, siendo la AEPD la indicada en el territorio nacional, <a href=\"http:\/\/www.aepd.es\/\">www.aepd.es<\/a>.<\/p>\n<h2>Seguridad y actualizaci\u00f3n de sus datos personales<\/h2>\n<p>Con el objetivo de salvaguardar la seguridad de sus datos personales, le informamos que <strong>Gamelearn, S.L.<\/strong> ha adoptado las medidas necesarias para garantizar la seguridad de los datos personales y evitar su alteraci\u00f3n, p\u00e9rdida, y\/o tratamientos o accesos no autorizados, tal como exige la normativa.<\/p>\n<p>Es importante que, para que podamos mantener sus datos personales actualizados, nos informe siempre que se produzca una modificaci\u00f3n de los mismos.<\/p>\n<h2>Confidencialidad<\/h2>\n<p><strong>Gamelearn S.L. <\/strong>le informa que todos los datos recabados de car\u00e1cter personal ser\u00e1n tratados con el m\u00e1ximo celo y confidencialidad por todo el personal que intervenga en cualquiera de las fases del tratamiento.<\/p>\n<p>Esto se aplicar\u00e1 tambi\u00e9n a documentos internos de clientes como por ejemplo la Microsoft Privacy Statement <a href=\"https:\/\/privacy.microsoft.com\/en-us\/privacystatement\">https:\/\/privacy.microsoft.com\/en-us\/privacystatement<\/a><\/p>\n","protected":false},"excerpt":{"rendered":"<p>Siguiendo los principios de licitud, lealtad y transparencia, ponemos a su disposici\u00f3n la presente Pol\u00edtica de Privacidad. \u00bfQui\u00e9n es el Responsable del tratamiento de sus datos? RESPONSABLE Gamelearn S.L. NIF B85183135 DOMICILIO SOCIAL C\/ Segundo Mata 6, 28224 Pozuelo de Alarc\u00f3n, (Madrid) CONTACTO Email dpo@gamestrategies.io Tel\u00e9fono 913519089 DPO dpo@gamestrategies.io \u00bfQu\u00e9 datos podremos recabar? Puede registrarse [&hellip;]<\/p>\n","protected":false},"author":4,"featured_media":0,"parent":0,"menu_order":0,"comment_status":"closed","ping_status":"closed","template":"elementor_theme","meta":{"footnotes":""},"class_list":["post-146456","page","type-page","status-publish","hentry"],"yoast_head":"<!-- This site is optimized with the Yoast SEO plugin v26.2 - https:\/\/yoast.com\/wordpress\/plugins\/seo\/ -->\n<title>Pol\u00edtica de Privacidad - Game Strategies<\/title>\n<meta name=\"robots\" content=\"index, follow, max-snippet:-1, max-image-preview:large, max-video-preview:-1\" \/>\n<link rel=\"canonical\" href=\"https:\/\/gamestrategies.io\/es\/politica-de-privacidad\/\" \/>\n<meta property=\"og:locale\" content=\"es_ES\" \/>\n<meta property=\"og:type\" content=\"article\" \/>\n<meta property=\"og:title\" content=\"Pol\u00edtica de Privacidad - Game Strategies\" \/>\n<meta property=\"og:description\" content=\"Siguiendo los principios de licitud, lealtad y transparencia, ponemos a su disposici\u00f3n la presente Pol\u00edtica de Privacidad. \u00bfQui\u00e9n es el Responsable del tratamiento de sus datos? RESPONSABLE Gamelearn S.L. NIF B85183135 DOMICILIO SOCIAL C\/ Segundo Mata 6, 28224 Pozuelo de Alarc\u00f3n, (Madrid) CONTACTO Email dpo@gamestrategies.io Tel\u00e9fono 913519089 DPO dpo@gamestrategies.io \u00bfQu\u00e9 datos podremos recabar? Puede registrarse [&hellip;]\" \/>\n<meta property=\"og:url\" content=\"https:\/\/gamestrategies.io\/es\/politica-de-privacidad\/\" \/>\n<meta property=\"og:site_name\" content=\"Game Strategies\" \/>\n<meta property=\"article:modified_time\" content=\"2025-11-25T15:53:34+00:00\" \/>\n<meta name=\"twitter:card\" content=\"summary_large_image\" \/>\n<meta name=\"twitter:label1\" content=\"Tiempo de lectura\" \/>\n\t<meta name=\"twitter:data1\" content=\"9 minutos\" \/>\n<!-- \/ Yoast SEO plugin. -->","yoast_head_json":{"title":"Pol\u00edtica de Privacidad - Game Strategies","robots":{"index":"index","follow":"follow","max-snippet":"max-snippet:-1","max-image-preview":"max-image-preview:large","max-video-preview":"max-video-preview:-1"},"canonical":"https:\/\/gamestrategies.io\/es\/politica-de-privacidad\/","og_locale":"es_ES","og_type":"article","og_title":"Pol\u00edtica de Privacidad - Game Strategies","og_description":"Siguiendo los principios de licitud, lealtad y transparencia, ponemos a su disposici\u00f3n la presente Pol\u00edtica de Privacidad. \u00bfQui\u00e9n es el Responsable del tratamiento de sus datos? RESPONSABLE Gamelearn S.L. NIF B85183135 DOMICILIO SOCIAL C\/ Segundo Mata 6, 28224 Pozuelo de Alarc\u00f3n, (Madrid) CONTACTO Email dpo@gamestrategies.io Tel\u00e9fono 913519089 DPO dpo@gamestrategies.io \u00bfQu\u00e9 datos podremos recabar? Puede registrarse [&hellip;]","og_url":"https:\/\/gamestrategies.io\/es\/politica-de-privacidad\/","og_site_name":"Game Strategies","article_modified_time":"2025-11-25T15:53:34+00:00","twitter_card":"summary_large_image","twitter_misc":{"Tiempo de lectura":"9 minutos"},"schema":{"@context":"https:\/\/schema.org","@graph":[{"@type":"WebPage","@id":"https:\/\/gamestrategies.io\/es\/politica-de-privacidad\/","url":"https:\/\/gamestrategies.io\/es\/politica-de-privacidad\/","name":"Pol\u00edtica de Privacidad - Game Strategies","isPartOf":{"@id":"https:\/\/gamestrategies.io\/es\/#website"},"datePublished":"2024-11-27T11:57:37+00:00","dateModified":"2025-11-25T15:53:34+00:00","breadcrumb":{"@id":"https:\/\/gamestrategies.io\/es\/politica-de-privacidad\/#breadcrumb"},"inLanguage":"es","potentialAction":[{"@type":"ReadAction","target":["https:\/\/gamestrategies.io\/es\/politica-de-privacidad\/"]}]},{"@type":"BreadcrumbList","@id":"https:\/\/gamestrategies.io\/es\/politica-de-privacidad\/#breadcrumb","itemListElement":[{"@type":"ListItem","position":1,"name":"Inicio","item":"https:\/\/gamestrategies.io\/es\/"},{"@type":"ListItem","position":2,"name":"Pol\u00edtica de Privacidad"}]},{"@type":"WebSite","@id":"https:\/\/gamestrategies.io\/es\/#website","url":"https:\/\/gamestrategies.io\/es\/","name":"Game Strategies","description":"","potentialAction":[{"@type":"SearchAction","target":{"@type":"EntryPoint","urlTemplate":"https:\/\/gamestrategies.io\/es\/?s={search_term_string}"},"query-input":{"@type":"PropertyValueSpecification","valueRequired":true,"valueName":"search_term_string"}}],"inLanguage":"es"}]}},"_links":{"self":[{"href":"https:\/\/gamestrategies.io\/es\/wp-json\/wp\/v2\/pages\/146456","targetHints":{"allow":["GET"]}}],"collection":[{"href":"https:\/\/gamestrategies.io\/es\/wp-json\/wp\/v2\/pages"}],"about":[{"href":"https:\/\/gamestrategies.io\/es\/wp-json\/wp\/v2\/types\/page"}],"author":[{"embeddable":true,"href":"https:\/\/gamestrategies.io\/es\/wp-json\/wp\/v2\/users\/4"}],"replies":[{"embeddable":true,"href":"https:\/\/gamestrategies.io\/es\/wp-json\/wp\/v2\/comments?post=146456"}],"version-history":[{"count":7,"href":"https:\/\/gamestrategies.io\/es\/wp-json\/wp\/v2\/pages\/146456\/revisions"}],"predecessor-version":[{"id":155141,"href":"https:\/\/gamestrategies.io\/es\/wp-json\/wp\/v2\/pages\/146456\/revisions\/155141"}],"wp:attachment":[{"href":"https:\/\/gamestrategies.io\/es\/wp-json\/wp\/v2\/media?parent=146456"}],"curies":[{"name":"wp","href":"https:\/\/api.w.org\/{rel}","templated":true}]}}