{"id":146447,"date":"2024-11-27T12:44:10","date_gmt":"2024-11-27T11:44:10","guid":{"rendered":"https:\/\/gamestrategies.io\/terminos-y-condiciones\/"},"modified":"2024-11-27T13:39:56","modified_gmt":"2024-11-27T12:39:56","slug":"terminos-y-condiciones","status":"publish","type":"page","link":"https:\/\/gamestrategies.io\/es\/terminos-y-condiciones\/","title":{"rendered":"T\u00e9rminos y Condiciones"},"content":{"rendered":"<h2 class=\"wp-block-heading\">1. Introducci\u00f3n<\/h2>\n<p>Las presentes condiciones generales de uso del Sitio Web, regulan los t\u00e9rminos y condiciones de acceso y uso del presente gamestrategies.io, propiedad de Gamelearn S.L., con domicilio en C\/ Segundo Mata 6, 28224 Pozuelo de Alarc\u00f3n, (Madrid) y con N\u00famero de Identificaci\u00f3n Fiscal n\u00famero B85183135, en adelante, \u00abLA EMPRESA\u00bb, que el usuario del Sitio Web deber\u00e1 de leer y aceptar para usar todos los servicios e informaci\u00f3n que se facilitan desde el Sitio Web.El usuario que tenga acceso a los contenidos del Sitio Web, as\u00ed como LA EMPRESA, propietaria del mismo, podr\u00e1n ser denominados conjuntamente como las partes.<br \/>\nEl mero acceso o utilizaci\u00f3n del Sitio Web, de todos o parte de sus contenidos y del uso de sus formularios de contacto, inscripci\u00f3n, as\u00ed como la descarga de contenido digital significa la plena aceptaci\u00f3n de las presentes condiciones de uso. La puesta a disposici\u00f3n de sus formularios y contenidos derivados se entiende sometida al estricto cumplimiento de los t\u00e9rminos recogidos en las presentes condiciones de uso del Sitio Web.<\/p>\n<h2 class=\"wp-block-heading\">2. \u00c1mbito<\/h2>\n<p>LA EMPRESA a trav\u00e9s del Sitio Web puede facilitar a sus usuarios el acceso a una amplia gama de recursos de distinta tipolog\u00eda, bien sea en l\u00ednea o a trav\u00e9s de descarga, incluyendo, a t\u00edtulo enunciativo y no limitativo, descarga de productos, inscripci\u00f3n a eventos o suscripci\u00f3n a Newsletter. Salvo que expresamente se manifieste lo contrario, todos estos recursos y servicios ofertados se regir\u00e1n por estas condiciones generales de uso del Sitio Web, en adelante \u201cCondiciones Generales de Uso\u201d o \u201clas condiciones\u201d.<\/p>\n<h2 class=\"wp-block-heading\">3. Datos de car\u00e1cter personal<\/h2>\n<p>La informaci\u00f3n o datos personales que facilite el usuario ser\u00e1n tratados con arreglo a lo establecido en la\u00a0<a href=\"\/politica-de-privacidad\/\" target=\"_blank\" rel=\"noreferrer noopener\">Pol\u00edtica de Privacidad<\/a>\u00a0incluida en este Sitio Web. Al hacer uso de este Sitio Web declaras que la informaci\u00f3n y datos proporcionados son veraces, exactos y se corresponden con la realidad. En caso de que se produzca cualquier cambio en los datos personales suministrados, el usuario deber\u00e1 comunic\u00e1rselo a la empresa.<\/p>\n<h2 class=\"wp-block-heading\">4. Condiciones generales de uso<\/h2>\n<p>Las presentes Condiciones Generales de Uso regulan el acceso y la utilizaci\u00f3n del Sitio Web, incluyendo los contenidos que puedan descargarse y los servicios puestos a disposici\u00f3n de los usuarios, bien por LA EMPRESA, bien por sus usuarios o por cualquier tercero. No obstante, el acceso y la utilizaci\u00f3n de ciertos contenidos y\/o servicios pueden encontrarse sometidos a determinadas condiciones espec\u00edficas.<\/p>\n<h2 class=\"wp-block-heading\">5. Modificaciones<\/h2>\n<p>LA EMPRESA se reserva la facultad de modificar en cualquier momento las presentes Condiciones Generales de Uso. Asimismo, en todo momento puede realizar mejoras o cambios en productos, herramientas, servicios o contenidos. Se recomienda consultar peri\u00f3dicamente las mismas para mantenerse actualizado respecto de los cambios realizados.<br \/>\nLos usuarios que accedan a este sitio despu\u00e9s de que se hayan realizado cambios, se regir\u00e1n por estas modificaciones tan pronto las nuevas Condiciones Generales de Uso se publiquen en el sitio o se comuniquen de otra forma, incluso aunque el Usuario no haya tenido conocimiento de estos cambios por no haber visitado el Sitio Web en el que se indican los mismos.<\/p>\n<h2 class=\"wp-block-heading\">6. Restricciones en el uso del sitio web<\/h2>\n<p>Queda prohibido realizar las siguientes acciones para fines distintos de los indicados por la empresa, o para fines que nada tengan que ver o que no reporten un posible beneficio o buena imagen de la misma: reproducir, presentar, publicar: datos, gr\u00e1ficos, im\u00e1genes, fotograf\u00edas, dise\u00f1os, descripciones, informaci\u00f3n, texto, video o audio; herramientas, software o demos a las que tenga acceso; los contenidos de cualquier newsletter, correo electr\u00f3nico o comunicado similar que haya remitido LA EMPRESA. Esto es v\u00e1lido para el uso por cualquier medio, incluidos los medios electr\u00f3nicos, mec\u00e1nicos, fotocopias, grabaciones, creaci\u00f3n de trabajos derivados u otros.<br \/>\nQueda prohibido igualmente la reventa, el uso comercial o la distribuci\u00f3n del contenido del Sitio Web; la recopilaci\u00f3n y utilizaci\u00f3n de listados, descripciones, soporte o servicios; la descarga o copia de informaci\u00f3n a la que tenga acceso para el beneficio de un tercero ajeno; el uso por parte del usuario de herramientas de recolecci\u00f3n de datos u otras herramientas de extracci\u00f3n y recopilaci\u00f3n de datos similares para beneficio ajeno a la empresa; el uso del contenido del Sitio en cualquier otro sitio web, servidor u entorno inform\u00e1tico en red sin el permiso de la empresa o para fines que puedan reportar perjuicios de cualquier tipo a la misma.<\/p>\n<h2 class=\"wp-block-heading\">7. Informaci\u00f3n y servicios<\/h2>\n<p>Los usuarios pueden acceder a trav\u00e9s del Sitio Web a diferente tipo de informaci\u00f3n y servicios ofrecidos, a trav\u00e9s de los diferentes formularios de contacto, inscripci\u00f3n y descarga. LA EMPRESA se reserva la facultad de modificar, en cualquier momento, y sin aviso previo, la presentaci\u00f3n y configuraci\u00f3n de la informaci\u00f3n y servicios ofrecidos desde el Sitio Web. El usuario reconoce y acepta expresamente que en cualquier momento LA EMPRESA pueda interrumpir, desactivar y\/o cancelar cualquier informaci\u00f3n o servicio. LA EMPRESA realizar\u00e1 sus mejores esfuerzos para intentar garantizar la disponibilidad y accesibilidad a la web, as\u00ed como a los contenidos disponibles para descarga. No obstante, en ocasiones, por razones de mantenimiento, actualizaci\u00f3n, cambio de ubicaci\u00f3n, etc., podr\u00e1 producirse la interrupci\u00f3n del acceso al Sitio Web.<\/p>\n<h2 class=\"wp-block-heading\">8. Disponibilidad de la informaci\u00f3n y servicios del sitio web<\/h2>\n<p>LA EMPRESA no garantiza la disponibilidad continua y permanente de los servicios, quedando de este modo exonerado de cualquier responsabilidad por posibles da\u00f1os y perjuicios causados como consecuencia de la falta de disponibilidad del servicio por motivos de fuerza mayor o errores en las redes telem\u00e1ticas de transferencia de datos, ajenos a su voluntad, o por desconexiones realizadas por trabajos de mejora o mantenimiento de los equipos y sistemas inform\u00e1ticos.<br \/>\nEn estos casos, LA EMPRESA har\u00e1 sus mejores esfuerzos por devolver los servicios a su plena disponibilidad, as\u00ed como, para notificar sobre la posible falta de disponibilidad de los mismos. LA EMPRESA no ser\u00e1 responsable por la interrupci\u00f3n, suspensi\u00f3n o finalizaci\u00f3n de la informaci\u00f3n o servicios. Asimismo, no se responsabiliza de las posibles omisiones, p\u00e9rdidas de informaci\u00f3n, datos, configuraciones, accesos indebidos o vulneraci\u00f3n de la confidencialidad que tengan origen en problemas t\u00e9cnicos, de comunicaciones u omisiones humanas, causadas por terceros o no imputables a LA EMPRESA. Tampoco responder\u00e1 de los da\u00f1os producidos por ataques inform\u00e1ticos o causados por virus que afecten a programas inform\u00e1ticos, sistemas de comunicaciones o equipos utilizados por LA EMPRESA pero fabricados o facilitados por un tercero.<br \/>\nLA EMPRESA podr\u00e1, a su sola discreci\u00f3n, denegar, retirar, suspender y\/o bloquear en cualquier momento y sin necesidad de previo aviso el acceso a la informaci\u00f3n, servicios o contenidos a aquellos usuarios que incumplan las presentes normas.<\/p>\n<h2 class=\"wp-block-heading\">9. Responsabilidad del sitio web<\/h2>\n<p>Exceptuando los casos que la Ley imponga expresamente lo contrario, y exclusivamente con la medida y extensi\u00f3n en que lo imponga, LA EMPRESA no garantiza ni asume responsabilidad alguna respecto a los posibles da\u00f1os directos o indirectos y perjuicios causados por el uso y utilizaci\u00f3n de la informaci\u00f3n, datos, servicios o contenido de descarga del Sitio Web. LA EMPRESA centrar\u00e1 todos sus esfuerzos en proporcionar a los usuarios un contenido de calidad de manera que se asegure, en la medida de lo posible, que el mismo no causa da\u00f1os o perjuicios a los usuarios.<br \/>\nEn todo caso, LA EMPRESA queda excluida de cualquier responsabilidad por los da\u00f1os y perjuicios que puedan deberse a la informaci\u00f3n y\/o servicios prestados o suministrados por terceros diferentes de LA EMPRESA. Toda responsabilidad ser\u00e1 del tercero ya sea proveedor o colaborador.<\/p>\n<h2 class=\"wp-block-heading\">10. Obligaciones del usuario<\/h2>\n<p>El usuario deber\u00e1 respetar en todo momento las presentes Condiciones Generales de Uso. De forma expresa el usuario manifiesta que utilizar\u00e1 el Sitio Web, as\u00ed como los contenidos a los que tenga acceso a trav\u00e9s del mismo, de forma diligente, de acuerdo a las presentes \u201cCondiciones generales de uso\u201d y asumiendo cualquier responsabilidad que pudiera derivarse del incumplimiento de las normas.<br \/>\nEl usuario se obliga, en aquellos casos en que haga uso de los formularios de contacto, presupuesto, suscripci\u00f3n a newsletter, inscripci\u00f3n a eventos, descarga de contenido, etc. y en los que se le soliciten datos o informaci\u00f3n, a no falsear su identidad haci\u00e9ndose pasar por cualquier otra persona. El usuario acepta que la utilizaci\u00f3n del Sitio Web ser\u00e1 efectuada con fines estrictamente privados y no para comercializar los contenidos de la misma. El usuario no podr\u00e1 utilizar el Sitio Web para actividades contrarias a la Ley, la moral y el orden p\u00fablico, as\u00ed como, para finalidades prohibidas o que vulneren o lesionen derechos de terceros.<br \/>\nAsimismo, queda prohibido el almacenamiento y\/o gesti\u00f3n de cualquier tipo de datos o contenidos que infrinjan derechos de terceros o cualesquiera normativas reguladoras de derechos de propiedad intelectual o industrial.<br \/>\nEl usuario no podr\u00e1 utilizar el Sitio Web para transmitir, almacenar, divulgar, promover o distribuir datos o contenidos que sean portadores de virus o cualquier otro c\u00f3digo inform\u00e1tico, archivos o programas dise\u00f1ados para interrumpir, destruir o perjudicar el funcionamiento de cualquier programa o equipo inform\u00e1tico o de telecomunicaciones. El sitio web debe ser utilizado \u00fanica y exclusivamente para los prop\u00f3sitos y finalidades enunciadas en cada apartado, formulario, as\u00ed como en las presentes condiciones.<br \/>\nEl usuario se obliga a indemnizar y a mantener indemne a LA EMPRESA por cualquier da\u00f1o, perjuicio, gasto, sanci\u00f3n, multa, pena o indemnizaci\u00f3n de cualquier naturaleza a la que tenga que hacer frente LA EMPRESA como consecuencia del incumplimiento por parte del usuario de las obligaciones contenidas en el presente documento.<\/p>\n<h2 class=\"wp-block-heading\">11. Enlaces a otro sitio web<\/h2>\n<p>LA EMPRESA no garantiza ni asume ning\u00fan tipo de responsabilidad por los da\u00f1os y perjuicios sufridos por el acceso a Servicios de terceros ajenos a LA EMPRESA a trav\u00e9s de conexiones, v\u00ednculos o links de los sitios que pudieran estar enlazados ni sobre la exactitud o fiabilidad de los mismos. La funci\u00f3n de estos enlaces en caso de existir, es exclusivamente la de informar al Cliente sobre la existencia de otras fuentes de informaci\u00f3n en Internet, donde podr\u00e1 ampliar los Servicios ofrecidos por el Portal. LA EMPRESA no ser\u00e1 en ning\u00fan caso responsable del resultado obtenido a trav\u00e9s de dichos enlaces o de las consecuencias que se deriven del acceso por los Clientes a los mismos. Estos Servicios de terceros son proporcionados por \u00e9stos, por lo que LA EMPRESA no puede controlar y no controla la licitud de los Servicios ni su calidad. En consecuencia, el Cliente debe extremar la prudencia en la valoraci\u00f3n y utilizaci\u00f3n de la informaci\u00f3n y servicios existentes en los contenidos de terceros.<\/p>\n<h2 class=\"wp-block-heading\">12. Propiedad intelectual e industrial<\/h2>\n<p>Todos los contenidos, marcas, logos, dibujos, documentos descargables, ebook, programas inform\u00e1ticos, demos o cualquier otro elemento susceptible de protecci\u00f3n por la legislaci\u00f3n de propiedad intelectual o industrial, que sean accesibles en el Sitio Web corresponden exclusivamente a LA EMPRESA o a sus leg\u00edtimos titulares y quedan expresamente reservados todos los derechos sobre los mismos. Queda expresamente prohibida la creaci\u00f3n de enlaces de hipertexto (links) a cualquier elemento integrante del Sitio Web sin la autorizaci\u00f3n de LA EMPRESA.<br \/>\nEn cualquier caso, LA EMPRESA se reserva todos los derechos sobre los contenidos, informaci\u00f3n datos y servicios que ostente sobre los mismos. LA EMPRESA no concede ninguna licencia o autorizaci\u00f3n de uso al usuario sobre sus contenidos, datos o servicios, distinta de la que expresamente se detalle en las presentes Condiciones Generales de Uso.<\/p>\n<h2 class=\"wp-block-heading\">13. Legislaci\u00f3n aplicable, jurisdicci\u00f3n competente y notificaciones<\/h2>\n<p>Las presentes Condiciones Generales de Uso se rigen y se interpretan de acuerdo con las Leyes de Espa\u00f1a. Para cualquier reclamaci\u00f3n ser\u00e1n competentes los juzgados y tribunales del territorio espa\u00f1ol. Todas las notificaciones, requerimientos, peticiones y otras comunicaciones que el Usuario desee efectuar a LA EMPRESA titular del presente Sitio Web, deber\u00e1n realizarse por escrito y se entender\u00e1 que han sido correctamente realizadas cuando hayan sido recibidas en la siguiente direcci\u00f3n\u00a0dpo@gamestrategies.io. En caso de queja o incidencia, puedes enviar un correo a support@gamestrategies.io.<\/p>\n","protected":false},"excerpt":{"rendered":"<p>1. Introducci\u00f3n Las presentes condiciones generales de uso del Sitio Web, regulan los t\u00e9rminos y condiciones de acceso y uso del presente gamestrategies.io, propiedad de Gamelearn S.L., con domicilio en C\/ Segundo Mata 6, 28224 Pozuelo de Alarc\u00f3n, (Madrid) y con N\u00famero de Identificaci\u00f3n Fiscal n\u00famero B85183135, en adelante, \u00abLA EMPRESA\u00bb, que el usuario del [&hellip;]<\/p>\n","protected":false},"author":4,"featured_media":0,"parent":0,"menu_order":0,"comment_status":"closed","ping_status":"closed","template":"","meta":{"footnotes":""},"class_list":["post-146447","page","type-page","status-publish","hentry"],"yoast_head":"<!-- This site is optimized with the Yoast SEO plugin v26.2 - https:\/\/yoast.com\/wordpress\/plugins\/seo\/ -->\n<title>T\u00e9rminos y Condiciones - Game Strategies<\/title>\n<meta name=\"robots\" content=\"index, follow, max-snippet:-1, max-image-preview:large, max-video-preview:-1\" \/>\n<link rel=\"canonical\" href=\"https:\/\/gamestrategies.io\/es\/terminos-y-condiciones\/\" \/>\n<meta property=\"og:locale\" content=\"es_ES\" \/>\n<meta property=\"og:type\" content=\"article\" \/>\n<meta property=\"og:title\" content=\"T\u00e9rminos y Condiciones - Game Strategies\" \/>\n<meta property=\"og:description\" content=\"1. Introducci\u00f3n Las presentes condiciones generales de uso del Sitio Web, regulan los t\u00e9rminos y condiciones de acceso y uso del presente gamestrategies.io, propiedad de Gamelearn S.L., con domicilio en C\/ Segundo Mata 6, 28224 Pozuelo de Alarc\u00f3n, (Madrid) y con N\u00famero de Identificaci\u00f3n Fiscal n\u00famero B85183135, en adelante, \u00abLA EMPRESA\u00bb, que el usuario del [&hellip;]\" \/>\n<meta property=\"og:url\" content=\"https:\/\/gamestrategies.io\/es\/terminos-y-condiciones\/\" \/>\n<meta property=\"og:site_name\" content=\"Game Strategies\" \/>\n<meta property=\"article:modified_time\" content=\"2024-11-27T12:39:56+00:00\" \/>\n<meta name=\"twitter:card\" content=\"summary_large_image\" \/>\n<meta name=\"twitter:label1\" content=\"Tiempo de lectura\" \/>\n\t<meta name=\"twitter:data1\" content=\"9 minutos\" \/>\n<!-- \/ Yoast SEO plugin. -->","yoast_head_json":{"title":"T\u00e9rminos y Condiciones - Game Strategies","robots":{"index":"index","follow":"follow","max-snippet":"max-snippet:-1","max-image-preview":"max-image-preview:large","max-video-preview":"max-video-preview:-1"},"canonical":"https:\/\/gamestrategies.io\/es\/terminos-y-condiciones\/","og_locale":"es_ES","og_type":"article","og_title":"T\u00e9rminos y Condiciones - Game Strategies","og_description":"1. Introducci\u00f3n Las presentes condiciones generales de uso del Sitio Web, regulan los t\u00e9rminos y condiciones de acceso y uso del presente gamestrategies.io, propiedad de Gamelearn S.L., con domicilio en C\/ Segundo Mata 6, 28224 Pozuelo de Alarc\u00f3n, (Madrid) y con N\u00famero de Identificaci\u00f3n Fiscal n\u00famero B85183135, en adelante, \u00abLA EMPRESA\u00bb, que el usuario del [&hellip;]","og_url":"https:\/\/gamestrategies.io\/es\/terminos-y-condiciones\/","og_site_name":"Game Strategies","article_modified_time":"2024-11-27T12:39:56+00:00","twitter_card":"summary_large_image","twitter_misc":{"Tiempo de lectura":"9 minutos"},"schema":{"@context":"https:\/\/schema.org","@graph":[{"@type":"WebPage","@id":"https:\/\/gamestrategies.io\/es\/terminos-y-condiciones\/","url":"https:\/\/gamestrategies.io\/es\/terminos-y-condiciones\/","name":"T\u00e9rminos y Condiciones - Game Strategies","isPartOf":{"@id":"https:\/\/gamestrategies.io\/es\/#website"},"datePublished":"2024-11-27T11:44:10+00:00","dateModified":"2024-11-27T12:39:56+00:00","breadcrumb":{"@id":"https:\/\/gamestrategies.io\/es\/terminos-y-condiciones\/#breadcrumb"},"inLanguage":"es","potentialAction":[{"@type":"ReadAction","target":["https:\/\/gamestrategies.io\/es\/terminos-y-condiciones\/"]}]},{"@type":"BreadcrumbList","@id":"https:\/\/gamestrategies.io\/es\/terminos-y-condiciones\/#breadcrumb","itemListElement":[{"@type":"ListItem","position":1,"name":"Inicio","item":"https:\/\/gamestrategies.io\/es\/"},{"@type":"ListItem","position":2,"name":"T\u00e9rminos y Condiciones"}]},{"@type":"WebSite","@id":"https:\/\/gamestrategies.io\/es\/#website","url":"https:\/\/gamestrategies.io\/es\/","name":"Game Strategies","description":"","potentialAction":[{"@type":"SearchAction","target":{"@type":"EntryPoint","urlTemplate":"https:\/\/gamestrategies.io\/es\/?s={search_term_string}"},"query-input":{"@type":"PropertyValueSpecification","valueRequired":true,"valueName":"search_term_string"}}],"inLanguage":"es"}]}},"_links":{"self":[{"href":"https:\/\/gamestrategies.io\/es\/wp-json\/wp\/v2\/pages\/146447","targetHints":{"allow":["GET"]}}],"collection":[{"href":"https:\/\/gamestrategies.io\/es\/wp-json\/wp\/v2\/pages"}],"about":[{"href":"https:\/\/gamestrategies.io\/es\/wp-json\/wp\/v2\/types\/page"}],"author":[{"embeddable":true,"href":"https:\/\/gamestrategies.io\/es\/wp-json\/wp\/v2\/users\/4"}],"replies":[{"embeddable":true,"href":"https:\/\/gamestrategies.io\/es\/wp-json\/wp\/v2\/comments?post=146447"}],"version-history":[{"count":0,"href":"https:\/\/gamestrategies.io\/es\/wp-json\/wp\/v2\/pages\/146447\/revisions"}],"wp:attachment":[{"href":"https:\/\/gamestrategies.io\/es\/wp-json\/wp\/v2\/media?parent=146447"}],"curies":[{"name":"wp","href":"https:\/\/api.w.org\/{rel}","templated":true}]}}