{"id":146405,"date":"2024-11-27T12:14:05","date_gmt":"2024-11-27T11:14:05","guid":{"rendered":"https:\/\/gamestrategies.io\/?page_id=146405"},"modified":"2025-12-16T09:08:19","modified_gmt":"2025-12-16T08:08:19","slug":"aviso-legal","status":"publish","type":"page","link":"https:\/\/gamestrategies.io\/es\/aviso-legal\/","title":{"rendered":"Aviso legal"},"content":{"rendered":"<p>Por favor, lea todos los apartados del presente Aviso Legal antes de utilizar este sitio web. Las siguientes condiciones son vinculantes para cualquier usuario del mismo.<\/p>\n<p>En cumplimiento con el deber de informaci\u00f3n dispuesto en la Ley 34\/2002 de Servicios de la Sociedad de la Informaci\u00f3n y el Comercio Electr\u00f3nico (LSSI-CE) de 11 de julio, se facilitan a continuaci\u00f3n los siguientes datos de informaci\u00f3n general de este sitio web.<\/p>\n<p>La raz\u00f3n de este texto es explicarle de manera detallada las funcionalidades de esta web y aportarle aquella informaci\u00f3n relacionada con el titular de la web y la finalidad de los contenidos incluidos en ella.<\/p>\n<h3>Datos de identificaci\u00f3n<\/h3>\n<p>El presente Aviso Legal regula el uso del servicio del sitio web https:\/\/gamestrategies.io inform\u00e1ndole en cumplimiento de la Ley 34\/2002, de 11 de julio, de Servicios de la Sociedad de la Informaci\u00f3n y de Comercio Electr\u00f3nico, de los siguientes extremos:<\/p>\n<ul>\n<li><strong>Denominaci\u00f3n social<\/strong>: GAME STRATEGIES, S.L.<\/li>\n<li><strong>Domicilio social:<\/strong> calle Segundo Mata 6, 2\u00ba, 9, 28224 Pozuelo de Alarc\u00f3n, Madrid.<\/li>\n<li><strong>Correo electr\u00f3nico:<\/strong>\u00a0<a href=\"mailto:comunicacion@gamestrategies.io\" target=\"_blank\" rel=\"noreferrer noopener\">comunicacion@gamestrategies.io<\/a><\/li>\n<li><strong>Tel\u00e9fono de contacto:<\/strong> +34 913 519 089<\/li>\n<li><strong>C\u00f3digo de Identificaci\u00f3n Fiscal (CIF)<\/strong>: B75697011<\/li>\n<li><strong>Datos registrales:<\/strong> Registro Mercantil de Madrid 31 de Agosto de 2007. Tomo: 24.627. Folio: 91. Secci\u00f3n: 8. Hoja: M-443258. Inscripci\u00f3n: 1. Documento presentado: 2007 115.540,0. Diario 1.796. Asiento: 1.069<\/li>\n<\/ul>\n<h3>Uso del sitio web y obligaciones de los usuarios<\/h3>\n<p>El usuario se compromete a utilizar el sitio web, el contenido y servicios, sin contravenir la legislaci\u00f3n vigente, los usos generalmente aceptados y el orden p\u00fablico. Queda prohibido el uso del sitio web con fines il\u00edcitos o lesivos contra GAME STRATEGIES, S.L. o un tercero, que, de cualquier forma, puedan causar perjuicio o impedir el normal uso del sitio web.<\/p>\n<p>GAME STRATEGIES, S.L. garantiza que los contenidos y servicios que ofrece el portal respetan el principio de dignidad de la persona, de protecci\u00f3n de la juventud y la infancia, de no-discriminaci\u00f3n por motivos de raza, sexo, religi\u00f3n, opini\u00f3n, nacionalidad, discapacidad o cualquier otro aspecto personal y social.<\/p>\n<p>Las presentes Condiciones Generales de Uso del sitio web no confieren al usuario ning\u00fan otro derecho de uso, alteraci\u00f3n, explotaci\u00f3n, reproducci\u00f3n, distribuci\u00f3n o comunicaci\u00f3n p\u00fablica de los contenidos del sitio web distintos de los aqu\u00ed expresamente previstos.<\/p>\n<p>Los contenidos (informaci\u00f3n, archivos de sonido y\/o imagen, fotograf\u00edas, dise\u00f1os, etc.) recogidos en el portal, son propiedad de GAME STRATEGIES, S.L. o la misma se encuentra debidamente autorizada para su difusi\u00f3n por sus leg\u00edtimos titulares.<\/p>\n<p>GAME STRATEGIES, S.L. se compromete a no realizar publicidad enga\u00f1osa y, por tanto, queda prohibido:<\/p>\n<ul>\n<li>El uso para todo tipo de fines comerciales o publicitarios, distintos de los estrictamente permitidos.<\/li>\n<li>Su reproducci\u00f3n, publicaci\u00f3n, distribuci\u00f3n o modificaci\u00f3n, total o parcial a menos que se cuente con la autorizaci\u00f3n previa y por escrito de sus leg\u00edtimos titulares o resulte legalmente permitido.<\/li>\n<li>Cualquier vulneraci\u00f3n de los derechos de GAME STRATEGIES, S.L. o de sus leg\u00edtimos titulares sobre los mismos.<\/li>\n<\/ul>\n<h3>Propiedad intelectual e industrial<\/h3>\n<p>El usuario reconoce y acepta que todos los derechos de propiedad industrial e intelectual sobre los contenidos y\/o cualesquiera otros elementos insertados en el sitio web pertenecen a GAME STRATEGIES, S.L. o la misma se encuentra debidamente autorizada para su difusi\u00f3n en el presente website.<\/p>\n<p>En el caso de que un usuario o un tercero consideren que se ha producido una violaci\u00f3n de sus leg\u00edtimos derechos de propiedad intelectual por la introducci\u00f3n de un determinado contenido en el <em>website<\/em>, deber\u00e1 notificar dicha circunstancia a GAME STRATEGIES, S.L. indicando:<\/p>\n<ul>\n<li>Datos del titular de los derechos presuntamente infringidos, o indicar la representaci\u00f3n con la que act\u00faa en caso de que la reclamaci\u00f3n la presente un tercero distinto del interesado.<\/li>\n<li>Se\u00f1alar los contenidos protegidos por los derechos de propiedad intelectual y su ubicaci\u00f3n en el Web, la acreditaci\u00f3n de los derechos de propiedad intelectual se\u00f1alados y declaraci\u00f3n expresa en la que el interesado se responsabiliza de la veracidad de las informaciones facilitadas en la notificaci\u00f3n.<\/li>\n<\/ul>\n<h3>Enlaces<\/h3>\n<p>El presente sitio web proporciona enlaces a otros sitios web propios y contenidos que son propiedad de terceros.<\/p>\n<p>El \u00fanico objeto de los enlaces es proporcionar al usuario la posibilidad de acceder a dichos enlaces. GAME STRATEGIES, S.L. no se responsabiliza en ning\u00fan caso de los resultados que puedan derivarse al usuario por el acceso a dichos enlaces.<\/p>\n<p>El usuario que se proponga establecer cualquier dispositivo t\u00e9cnico de enlace desde su sitio web al portal deber\u00e1 obtener la autorizaci\u00f3n previa y escrita de GAME STRATEGIES, S.L. El establecimiento del enlace no implica en ning\u00fan caso la existencia de relaciones entre GAME STRATEGIES, S.L. y el propietario del sitio en el que se establezca el enlace, ni la aceptaci\u00f3n o aprobaci\u00f3n por parte de GAME STRATEGIES, S.L. de sus contenidos o servicios.<\/p>\n<p>El sitio web en el que se establezca el enlace no contendr\u00e1 ninguna marca, denominaci\u00f3n, logotipo, eslogan u otros signos distintivos pertenecientes a GAME STRATEGIES, S.L., salvo los expresamente autorizados.<\/p>\n<h3>Modificaci\u00f3n unilateral y duraci\u00f3n<\/h3>\n<p>GAME STRATEGIES, S.L. se reserva el derecho de modificar, en cualquier momento y sin necesidad de previo aviso, la presentaci\u00f3n y configuraci\u00f3n del sitio web as\u00ed como el presente Aviso Legal.<\/p>\n<h3>Exclusi\u00f3n de garant\u00edas y responsabilidad<\/h3>\n<p>GAME STRATEGIES, S.L. no otorga ninguna garant\u00eda ni se hace responsable, en ning\u00fan caso, de los da\u00f1os y perjuicios de cualquier naturaleza que pudieran acarrear a causa de:<\/p>\n<ul>\n<li>La falta disponibilidad, mantenimiento y efectivo funcionamiento del Web y\/o de sus servicios o contenidos.<\/li>\n<li>La existencia de virus, programas maliciosos o lesivos en los contenidos.<\/li>\n<li>El uso il\u00edcito, negligente, fraudulento, contrario a las presentes condiciones, a la buena fe, a los usos generalmente aceptados o al orden p\u00fablico, del sitio Web, sus servicios o contenidos, por parte de los usuarios.<\/li>\n<\/ul>\n<h3>Tratamiento de datos personales<\/h3>\n<p>GAME STRATEGIES, S.L. tal y como recoge en su \u201cPOL\u00cdTICA DE PRIVACIDAD\u201d que puede consultar en este sitio web, ha adoptado los niveles de seguridad adecuados a los datos que trata y gestiona, incorporando todos los medios y medidas t\u00e9cnicas a su alcance para garantizar su confidencialidad, evitar su mal uso, p\u00e9rdida, alteraci\u00f3n, acceso no autorizado y robo.<\/p>\n<h3>Legislaci\u00f3n aplicable y jurisdicci\u00f3n<\/h3>\n<p>Para la resoluci\u00f3n de todas las controversias o cuestiones relacionadas con el presente sitio web o de las actividades en \u00e9l desarrolladas, ser\u00e1 de aplicaci\u00f3n la legislaci\u00f3n espa\u00f1ola, a la que se someten expresamente las partes, siendo competentes para la resoluci\u00f3n de todos los conflictos derivados o relacionados con su uso, los Juzgados y Tribunales del domicilio del demandante que se identifique como consumidor, en caso contrario los Juzgados y Tribunales competentes ser\u00e1n los de la ciudad de MADRID (Espa\u00f1a).<\/p>\n<h3>Contacto<\/h3>\n<p>En caso de que cualquier usuario tuviese alguna duda acerca del presente aviso legal o cualquier comentario sobre el mismo puede dirigirse a comunicacion@gamestrategies.io o enviar una comunicaci\u00f3n escrita a la direcci\u00f3n que consta en el encabezado.<\/p>\n","protected":false},"excerpt":{"rendered":"<p>Por favor, lea todos los apartados del presente Aviso Legal antes de utilizar este sitio web. Las siguientes condiciones son vinculantes para cualquier usuario del mismo. En cumplimiento con el deber de informaci\u00f3n dispuesto en la Ley 34\/2002 de Servicios de la Sociedad de la Informaci\u00f3n y el Comercio Electr\u00f3nico (LSSI-CE) de 11 de julio, [&hellip;]<\/p>\n","protected":false},"author":4,"featured_media":0,"parent":0,"menu_order":0,"comment_status":"closed","ping_status":"closed","template":"","meta":{"footnotes":""},"class_list":["post-146405","page","type-page","status-publish","hentry"],"yoast_head":"<!-- This site is optimized with the Yoast SEO plugin v26.2 - https:\/\/yoast.com\/wordpress\/plugins\/seo\/ -->\n<title>Aviso legal - Game Strategies<\/title>\n<meta name=\"robots\" content=\"index, follow, max-snippet:-1, max-image-preview:large, max-video-preview:-1\" \/>\n<link rel=\"canonical\" href=\"https:\/\/gamestrategies.io\/es\/aviso-legal\/\" \/>\n<meta property=\"og:locale\" content=\"es_ES\" \/>\n<meta property=\"og:type\" content=\"article\" \/>\n<meta property=\"og:title\" content=\"Aviso legal - Game Strategies\" \/>\n<meta property=\"og:description\" content=\"Por favor, lea todos los apartados del presente Aviso Legal antes de utilizar este sitio web. Las siguientes condiciones son vinculantes para cualquier usuario del mismo. En cumplimiento con el deber de informaci\u00f3n dispuesto en la Ley 34\/2002 de Servicios de la Sociedad de la Informaci\u00f3n y el Comercio Electr\u00f3nico (LSSI-CE) de 11 de julio, [&hellip;]\" \/>\n<meta property=\"og:url\" content=\"https:\/\/gamestrategies.io\/es\/aviso-legal\/\" \/>\n<meta property=\"og:site_name\" content=\"Game Strategies\" \/>\n<meta property=\"article:modified_time\" content=\"2025-12-16T08:08:19+00:00\" \/>\n<meta name=\"twitter:card\" content=\"summary_large_image\" \/>\n<meta name=\"twitter:label1\" content=\"Tiempo de lectura\" \/>\n\t<meta name=\"twitter:data1\" content=\"6 minutos\" \/>\n<!-- \/ Yoast SEO plugin. -->","yoast_head_json":{"title":"Aviso legal - Game Strategies","robots":{"index":"index","follow":"follow","max-snippet":"max-snippet:-1","max-image-preview":"max-image-preview:large","max-video-preview":"max-video-preview:-1"},"canonical":"https:\/\/gamestrategies.io\/es\/aviso-legal\/","og_locale":"es_ES","og_type":"article","og_title":"Aviso legal - Game Strategies","og_description":"Por favor, lea todos los apartados del presente Aviso Legal antes de utilizar este sitio web. Las siguientes condiciones son vinculantes para cualquier usuario del mismo. En cumplimiento con el deber de informaci\u00f3n dispuesto en la Ley 34\/2002 de Servicios de la Sociedad de la Informaci\u00f3n y el Comercio Electr\u00f3nico (LSSI-CE) de 11 de julio, [&hellip;]","og_url":"https:\/\/gamestrategies.io\/es\/aviso-legal\/","og_site_name":"Game Strategies","article_modified_time":"2025-12-16T08:08:19+00:00","twitter_card":"summary_large_image","twitter_misc":{"Tiempo de lectura":"6 minutos"},"schema":{"@context":"https:\/\/schema.org","@graph":[{"@type":"WebPage","@id":"https:\/\/gamestrategies.io\/es\/aviso-legal\/","url":"https:\/\/gamestrategies.io\/es\/aviso-legal\/","name":"Aviso legal - Game Strategies","isPartOf":{"@id":"https:\/\/gamestrategies.io\/es\/#website"},"datePublished":"2024-11-27T11:14:05+00:00","dateModified":"2025-12-16T08:08:19+00:00","breadcrumb":{"@id":"https:\/\/gamestrategies.io\/es\/aviso-legal\/#breadcrumb"},"inLanguage":"es","potentialAction":[{"@type":"ReadAction","target":["https:\/\/gamestrategies.io\/es\/aviso-legal\/"]}]},{"@type":"BreadcrumbList","@id":"https:\/\/gamestrategies.io\/es\/aviso-legal\/#breadcrumb","itemListElement":[{"@type":"ListItem","position":1,"name":"Inicio","item":"https:\/\/gamestrategies.io\/es\/"},{"@type":"ListItem","position":2,"name":"Aviso legal"}]},{"@type":"WebSite","@id":"https:\/\/gamestrategies.io\/es\/#website","url":"https:\/\/gamestrategies.io\/es\/","name":"Game Strategies","description":"","potentialAction":[{"@type":"SearchAction","target":{"@type":"EntryPoint","urlTemplate":"https:\/\/gamestrategies.io\/es\/?s={search_term_string}"},"query-input":{"@type":"PropertyValueSpecification","valueRequired":true,"valueName":"search_term_string"}}],"inLanguage":"es"}]}},"_links":{"self":[{"href":"https:\/\/gamestrategies.io\/es\/wp-json\/wp\/v2\/pages\/146405","targetHints":{"allow":["GET"]}}],"collection":[{"href":"https:\/\/gamestrategies.io\/es\/wp-json\/wp\/v2\/pages"}],"about":[{"href":"https:\/\/gamestrategies.io\/es\/wp-json\/wp\/v2\/types\/page"}],"author":[{"embeddable":true,"href":"https:\/\/gamestrategies.io\/es\/wp-json\/wp\/v2\/users\/4"}],"replies":[{"embeddable":true,"href":"https:\/\/gamestrategies.io\/es\/wp-json\/wp\/v2\/comments?post=146405"}],"version-history":[{"count":2,"href":"https:\/\/gamestrategies.io\/es\/wp-json\/wp\/v2\/pages\/146405\/revisions"}],"predecessor-version":[{"id":155237,"href":"https:\/\/gamestrategies.io\/es\/wp-json\/wp\/v2\/pages\/146405\/revisions\/155237"}],"wp:attachment":[{"href":"https:\/\/gamestrategies.io\/es\/wp-json\/wp\/v2\/media?parent=146405"}],"curies":[{"name":"wp","href":"https:\/\/api.w.org\/{rel}","templated":true}]}}